{"id":3405,"date":"2025-04-30T11:46:47","date_gmt":"2025-04-30T11:46:47","guid":{"rendered":"https:\/\/www.onceinmykonos.com\/once-upon-a-time\/"},"modified":"2025-10-29T14:29:03","modified_gmt":"2025-10-29T14:29:03","slug":"once-upon-a-time","status":"publish","type":"page","link":"https:\/\/www.onceinmykonos.com\/fr\/once-upon-a-time\/","title":{"rendered":"Once Upon A Time"},"content":{"rendered":"\t\t<div data-elementor-type=\"wp-page\" data-elementor-id=\"3405\" class=\"elementor elementor-3405 elementor-34\" data-elementor-post-type=\"page\">\n\t\t\t\t<div class=\"elementor-element elementor-element-4d34a613 e-flex e-con-boxed e-con e-parent\" data-id=\"4d34a613\" data-element_type=\"container\" data-e-type=\"container\" data-settings=\"{&quot;background_background&quot;:&quot;video&quot;,&quot;background_video_link&quot;:&quot;https:\\\/\\\/player.vimeo.com\\\/video\\\/1024688208?h=559025d386&amp;&quot;,&quot;background_video_start&quot;:0,&quot;background_video_end&quot;:27,&quot;background_privacy_mode&quot;:&quot;yes&quot;}\">\n\t\t\t\t\t<div class=\"e-con-inner\">\n\t\t<div class=\"elementor-background-video-container elementor-hidden-mobile\">\n\t\t\t\t\t\t\t<div class=\"elementor-background-video-embed\" role=\"presentation\"><\/div>\n\t\t\t\t\t\t<\/div>\t\t<div data-dce-background-color=\"#00000000\" class=\"elementor-element elementor-element-1b2cd20b elementor-widget elementor-widget-button\" data-id=\"1b2cd20b\" data-element_type=\"widget\" data-e-type=\"widget\" data-widget_type=\"button.default\">\n\t\t\t\t<div class=\"elementor-widget-container\">\n\t\t\t\t\t\t\t\t\t<div class=\"elementor-button-wrapper\">\n\t\t\t\t\t<a class=\"elementor-button elementor-button-link elementor-size-sm\" href=\"#\">\n\t\t\t\t\t\t<span class=\"elementor-button-content-wrapper\">\n\t\t\t\t\t\t<span class=\"elementor-button-icon\">\n\t\t\t\t<svg aria-hidden=\"true\" class=\"e-font-icon-svg e-fas-angle-down\" viewBox=\"0 0 320 512\" xmlns=\"http:\/\/www.w3.org\/2000\/svg\"><path d=\"M143 352.3L7 216.3c-9.4-9.4-9.4-24.6 0-33.9l22.6-22.6c9.4-9.4 24.6-9.4 33.9 0l96.4 96.4 96.4-96.4c9.4-9.4 24.6-9.4 33.9 0l22.6 22.6c9.4 9.4 9.4 24.6 0 33.9l-136 136c-9.2 9.4-24.4 9.4-33.8 0z\"><\/path><\/svg>\t\t\t<\/span>\n\t\t\t\t\t\t\t\t\t<span class=\"elementor-button-text\">JE VEUX LE VIVRE<\/span>\n\t\t\t\t\t<\/span>\n\t\t\t\t\t<\/a>\n\t\t\t\t<\/div>\n\t\t\t\t\t\t\t\t<\/div>\n\t\t\t\t<\/div>\n\t\t\t\t\t<\/div>\n\t\t\t\t<\/div>\n\t\t<div class=\"elementor-element elementor-element-77f97a33 e-flex e-con-boxed e-con e-parent\" data-id=\"77f97a33\" data-element_type=\"container\" data-e-type=\"container\" data-settings=\"{&quot;background_background&quot;:&quot;classic&quot;}\">\n\t\t\t\t\t<div class=\"e-con-inner\">\n\t\t\t\t<div class=\"elementor-element elementor-element-538ee9c4 elementor-widget elementor-widget-image\" data-id=\"538ee9c4\" data-element_type=\"widget\" data-e-type=\"widget\" data-widget_type=\"image.default\">\n\t\t\t\t<div class=\"elementor-widget-container\">\n\t\t\t\t\t\t\t\t\t\t\t\t\t\t\t<img decoding=\"async\" width=\"444\" height=\"100\" src=\"https:\/\/www.onceinmykonos.com\/wp-content\/uploads\/2025\/05\/956_R4063.png\" class=\"attachment-full size-full wp-image-2553\" alt=\"\" srcset=\"https:\/\/www.onceinmykonos.com\/wp-content\/uploads\/2025\/05\/956_R4063.png 444w, https:\/\/www.onceinmykonos.com\/wp-content\/uploads\/2025\/05\/956_R4063-300x68.png 300w\" sizes=\"(max-width: 444px) 100vw, 444px\" \/>\t\t\t\t\t\t\t\t\t\t\t\t\t\t\t<\/div>\n\t\t\t\t<\/div>\n\t\t\t\t\t<\/div>\n\t\t\t\t<\/div>\n\t\t<div class=\"elementor-element elementor-element-43668be e-flex e-con-boxed e-con e-parent\" data-id=\"43668be\" data-element_type=\"container\" data-e-type=\"container\">\n\t\t\t\t\t<div class=\"e-con-inner\">\n\t\t<div class=\"elementor-element elementor-element-2b72de5 e-con-full e-flex e-con e-child\" data-id=\"2b72de5\" data-element_type=\"container\" data-e-type=\"container\">\n\t\t\t\t<div class=\"elementor-element elementor-element-4957be2 elementor-widget elementor-widget-image\" data-id=\"4957be2\" data-element_type=\"widget\" data-e-type=\"widget\" data-widget_type=\"image.default\">\n\t\t\t\t<div class=\"elementor-widget-container\">\n\t\t\t\t\t\t\t\t\t\t\t\t\t\t\t<img fetchpriority=\"high\" decoding=\"async\" width=\"414\" height=\"268\" src=\"https:\/\/www.onceinmykonos.com\/wp-content\/uploads\/2025\/05\/1125_R2453.png\" class=\"attachment-full size-full wp-image-2550\" alt=\"\" srcset=\"https:\/\/www.onceinmykonos.com\/wp-content\/uploads\/2025\/05\/1125_R2453.png 414w, https:\/\/www.onceinmykonos.com\/wp-content\/uploads\/2025\/05\/1125_R2453-300x194.png 300w\" sizes=\"(max-width: 414px) 100vw, 414px\" \/>\t\t\t\t\t\t\t\t\t\t\t\t\t\t\t<\/div>\n\t\t\t\t<\/div>\n\t\t\t\t<\/div>\n\t\t<div class=\"elementor-element elementor-element-e96c2d0 e-con-full e-flex e-con e-child\" data-id=\"e96c2d0\" data-element_type=\"container\" data-e-type=\"container\">\n\t\t\t\t<div class=\"elementor-element elementor-element-dce103c elementor-widget elementor-widget-text-editor\" data-id=\"dce103c\" data-element_type=\"widget\" data-e-type=\"widget\" data-widget_type=\"text-editor.default\">\n\t\t\t\t<div class=\"elementor-widget-container\">\n\t\t\t\t\t\t\t\t\t<p>L&rsquo;histoire de Once in Mykonos est un excellent m\u00e9lange d&rsquo;un pass\u00e9 glorieux et d&rsquo;un avenir prometteur. Elle d\u00e9crit l&rsquo;\u00e9volution d&rsquo;une villa remarquable \u00e0 l&rsquo;\u00e9poque o\u00f9 Mykonos a commenc\u00e9 \u00e0 \u00eatre l&rsquo;aventure pr\u00e9f\u00e9r\u00e9e des artistes, des intellectuels et des personnes influentes du monde entier.<br>Suivant le destin de l&rsquo;\u00eele cosmopolite, la villa d&rsquo;un \u00e9minent homme d&rsquo;affaires qui a accueilli, entre autres personnalit\u00e9s grecques, l&rsquo;ancien premier ministre, Konstantinos Karamanlis, Melina Mercouri, Manos Hatzidakis, Mikis Theodorakis, Zoe Laskari, Konstantinos Mitsotakis, Basil et Elise Goulandris, a \u00e9t\u00e9 transform\u00e9e en un complexe de confort et de style de vie visant \u00e0 offrir aux visiteurs une exp\u00e9rience d&rsquo;hospitalit\u00e9 unique et des moments uniques de joie et&#8230; de style !<br>Il n&rsquo;est pas surprenant qu&rsquo;il ait \u00e9t\u00e9 baptis\u00e9 Once in Mykonos, car il fait revivre l&rsquo;histoire et le glamour d&rsquo;un conte de f\u00e9es qui commencerait par \u00ab Il \u00e9tait une fois \u00e0 Mykonos \u00bb. <\/p>\t\t\t\t\t\t\t\t<\/div>\n\t\t\t\t<\/div>\n\t\t\t\t<\/div>\n\t\t<div class=\"elementor-element elementor-element-ba8422f e-con-full e-flex e-con e-child\" data-id=\"ba8422f\" data-element_type=\"container\" data-e-type=\"container\">\n\t\t\t\t<div class=\"elementor-element elementor-element-213aff9 elementor-widget elementor-widget-text-editor\" data-id=\"213aff9\" data-element_type=\"widget\" data-e-type=\"widget\" data-widget_type=\"text-editor.default\">\n\t\t\t\t<div class=\"elementor-widget-container\">\n\t\t\t\t\t\t\t\t\t<div class=\"widthLarge\"><div><div class=\"top10to0\"><div class=\"justify\" data-rec-id=\"1271\" data-field=\"Rec_TextArea3\"><div class=\"widthLarge\"><div><div class=\"top10to0\"><div class=\"justify\" data-rec-id=\"1125\" data-field=\"Rec_TextArea3\">In this modern tale, the genuine hospitality and the hotel\u2019s legacy speak for themselves. The elaborate design incorporating the local architecture and the landscape makes the contemporary hotel a destination in itself. The challenge of bringing the beauty of the natural surroundings into the modern hotel has been masterfully achieved, while an extra touch of comfort and coziness creates the feeling of being at home. Gorgeous rooms and suites with a fresh Cycladic style and luxurious features provide a place of absolute bliss and ultimate summertime serenity.<br> <br><br>   <\/div><\/div><\/div><\/div><div class=\"widthLarge\"><div><div class=\"gridRecL\"> <\/div><div class=\"gridRecR\"><div class=\"flexBoxCenter\"> <\/div><\/div><\/div><\/div><\/div><\/div><\/div><\/div>\t\t\t\t\t\t\t\t<\/div>\n\t\t\t\t<\/div>\n\t\t\t\t<\/div>\n\t\t\t\t\t<\/div>\n\t\t\t\t<\/div>\n\t\t\t\t<\/div>\n\t\t","protected":false},"excerpt":{"rendered":"<p>JE VEUX LE VIVRE L&rsquo;histoire de Once in Mykonos est un excellent m\u00e9lange d&rsquo;un pass\u00e9 glorieux et d&rsquo;un avenir prometteur. Elle d\u00e9crit l&rsquo;\u00e9volution d&rsquo;une villa remarquable \u00e0 l&rsquo;\u00e9poque o\u00f9 Mykonos a commenc\u00e9 \u00e0 \u00eatre l&rsquo;aventure pr\u00e9f\u00e9r\u00e9e des artistes, des intellectuels et des personnes influentes du monde entier.Suivant le destin de l&rsquo;\u00eele cosmopolite, la villa d&rsquo;un [&hellip;]<\/p>\n","protected":false},"author":1,"featured_media":0,"parent":0,"menu_order":0,"comment_status":"closed","ping_status":"closed","template":"","meta":{"_acf_changed":false,"footnotes":""},"class_list":["post-3405","page","type-page","status-publish","hentry"],"acf":[],"yoast_head":"<!-- This site is optimized with the Yoast SEO plugin v26.6 - https:\/\/yoast.com\/wordpress\/plugins\/seo\/ -->\n<title>Once Upon A Time - Once in Mykonos Resort | \u0394\u03b9\u03b1\u03ba\u03bf\u03c0\u03ad\u03c2 \u03c3\u03c4\u03b7 \u039c\u03cd\u03ba\u03bf\u03bd\u03bf<\/title>\n<meta name=\"robots\" content=\"index, follow, max-snippet:-1, max-image-preview:large, max-video-preview:-1\" \/>\n<link rel=\"canonical\" href=\"https:\/\/www.onceinmykonos.com\/once-upon-a-time\/\" \/>\n<meta property=\"og:locale\" content=\"fr_FR\" \/>\n<meta property=\"og:type\" content=\"article\" \/>\n<meta property=\"og:title\" content=\"Once Upon A Time - Once in Mykonos Resort | \u0394\u03b9\u03b1\u03ba\u03bf\u03c0\u03ad\u03c2 \u03c3\u03c4\u03b7 \u039c\u03cd\u03ba\u03bf\u03bd\u03bf\" \/>\n<meta property=\"og:description\" content=\"JE VEUX LE VIVRE L&rsquo;histoire de Once in Mykonos est un excellent m\u00e9lange d&rsquo;un pass\u00e9 glorieux et d&rsquo;un avenir prometteur. Elle d\u00e9crit l&rsquo;\u00e9volution d&rsquo;une villa remarquable \u00e0 l&rsquo;\u00e9poque o\u00f9 Mykonos a commenc\u00e9 \u00e0 \u00eatre l&rsquo;aventure pr\u00e9f\u00e9r\u00e9e des artistes, des intellectuels et des personnes influentes du monde entier.Suivant le destin de l&rsquo;\u00eele cosmopolite, la villa d&rsquo;un [&hellip;]\" \/>\n<meta property=\"og:url\" content=\"https:\/\/www.onceinmykonos.com\/once-upon-a-time\/\" \/>\n<meta property=\"og:site_name\" content=\"Once in Mykonos Resort | \u0394\u03b9\u03b1\u03ba\u03bf\u03c0\u03ad\u03c2 \u03c3\u03c4\u03b7 \u039c\u03cd\u03ba\u03bf\u03bd\u03bf\" \/>\n<meta property=\"article:publisher\" content=\"https:\/\/www.facebook.com\/onceinmykonos\/\" \/>\n<meta property=\"article:modified_time\" content=\"2025-10-29T14:29:03+00:00\" \/>\n<meta property=\"og:image\" content=\"https:\/\/www.onceinmykonos.com\/wp-content\/uploads\/2025\/05\/956_R4063.png\" \/>\n<meta name=\"twitter:card\" content=\"summary_large_image\" \/>\n<meta name=\"twitter:label1\" content=\"Dur\u00e9e de lecture estim\u00e9e\" \/>\n\t<meta name=\"twitter:data1\" content=\"1 minute\" \/>\n<script type=\"application\/ld+json\" class=\"yoast-schema-graph\">{\"@context\":\"https:\/\/schema.org\",\"@graph\":[{\"@type\":\"WebPage\",\"@id\":\"https:\/\/www.onceinmykonos.com\/once-upon-a-time\/\",\"url\":\"https:\/\/www.onceinmykonos.com\/once-upon-a-time\/\",\"name\":\"Once Upon A Time - Once in Mykonos Resort | \u0394\u03b9\u03b1\u03ba\u03bf\u03c0\u03ad\u03c2 \u03c3\u03c4\u03b7 \u039c\u03cd\u03ba\u03bf\u03bd\u03bf\",\"isPartOf\":{\"@id\":\"https:\/\/www.onceinmykonos.com\/#website\"},\"primaryImageOfPage\":{\"@id\":\"https:\/\/www.onceinmykonos.com\/once-upon-a-time\/#primaryimage\"},\"image\":{\"@id\":\"https:\/\/www.onceinmykonos.com\/once-upon-a-time\/#primaryimage\"},\"thumbnailUrl\":\"https:\/\/www.onceinmykonos.com\/wp-content\/uploads\/2025\/05\/956_R4063.png\",\"datePublished\":\"2025-04-30T11:46:47+00:00\",\"dateModified\":\"2025-10-29T14:29:03+00:00\",\"breadcrumb\":{\"@id\":\"https:\/\/www.onceinmykonos.com\/once-upon-a-time\/#breadcrumb\"},\"inLanguage\":\"fr-FR\",\"potentialAction\":[{\"@type\":\"ReadAction\",\"target\":[\"https:\/\/www.onceinmykonos.com\/once-upon-a-time\/\"]}]},{\"@type\":\"ImageObject\",\"inLanguage\":\"fr-FR\",\"@id\":\"https:\/\/www.onceinmykonos.com\/once-upon-a-time\/#primaryimage\",\"url\":\"https:\/\/www.onceinmykonos.com\/wp-content\/uploads\/2025\/05\/956_R4063.png\",\"contentUrl\":\"https:\/\/www.onceinmykonos.com\/wp-content\/uploads\/2025\/05\/956_R4063.png\"},{\"@type\":\"BreadcrumbList\",\"@id\":\"https:\/\/www.onceinmykonos.com\/once-upon-a-time\/#breadcrumb\",\"itemListElement\":[{\"@type\":\"ListItem\",\"position\":1,\"name\":\"Home\",\"item\":\"https:\/\/www.onceinmykonos.com\/fr\/\"},{\"@type\":\"ListItem\",\"position\":2,\"name\":\"Once Upon A Time\"}]},{\"@type\":\"WebSite\",\"@id\":\"https:\/\/www.onceinmykonos.com\/#website\",\"url\":\"https:\/\/www.onceinmykonos.com\/\",\"name\":\"Once in Mykonos Resort | \u0394\u03b9\u03b1\u03ba\u03bf\u03c0\u03ad\u03c2 \u03c3\u03c4\u03b7 \u039c\u03cd\u03ba\u03bf\u03bd\u03bf\",\"description\":\"\",\"publisher\":{\"@id\":\"https:\/\/www.onceinmykonos.com\/#organization\"},\"potentialAction\":[{\"@type\":\"SearchAction\",\"target\":{\"@type\":\"EntryPoint\",\"urlTemplate\":\"https:\/\/www.onceinmykonos.com\/?s={search_term_string}\"},\"query-input\":{\"@type\":\"PropertyValueSpecification\",\"valueRequired\":true,\"valueName\":\"search_term_string\"}}],\"inLanguage\":\"fr-FR\"},{\"@type\":\"Organization\",\"@id\":\"https:\/\/www.onceinmykonos.com\/#organization\",\"name\":\"Once in Mykonos Resort | \u0394\u03b9\u03b1\u03ba\u03bf\u03c0\u03ad\u03c2 \u03c3\u03c4\u03b7 \u039c\u03cd\u03ba\u03bf\u03bd\u03bf\",\"url\":\"https:\/\/www.onceinmykonos.com\/\",\"logo\":{\"@type\":\"ImageObject\",\"inLanguage\":\"fr-FR\",\"@id\":\"https:\/\/www.onceinmykonos.com\/#\/schema\/logo\/image\/\",\"url\":\"https:\/\/www.onceinmykonos.com\/wp-content\/uploads\/2025\/04\/Once_in_Mykonos_Luxury_Resort_1068_R9946_logo.png\",\"contentUrl\":\"https:\/\/www.onceinmykonos.com\/wp-content\/uploads\/2025\/04\/Once_in_Mykonos_Luxury_Resort_1068_R9946_logo.png\",\"width\":360,\"height\":178,\"caption\":\"Once in Mykonos Resort | \u0394\u03b9\u03b1\u03ba\u03bf\u03c0\u03ad\u03c2 \u03c3\u03c4\u03b7 \u039c\u03cd\u03ba\u03bf\u03bd\u03bf\"},\"image\":{\"@id\":\"https:\/\/www.onceinmykonos.com\/#\/schema\/logo\/image\/\"},\"sameAs\":[\"https:\/\/www.facebook.com\/onceinmykonos\/\",\"https:\/\/www.instagram.com\/onceinmykonos\/\"]}]}<\/script>\n<!-- \/ Yoast SEO plugin. -->","yoast_head_json":{"title":"Once Upon A Time - Once in Mykonos Resort | \u0394\u03b9\u03b1\u03ba\u03bf\u03c0\u03ad\u03c2 \u03c3\u03c4\u03b7 \u039c\u03cd\u03ba\u03bf\u03bd\u03bf","robots":{"index":"index","follow":"follow","max-snippet":"max-snippet:-1","max-image-preview":"max-image-preview:large","max-video-preview":"max-video-preview:-1"},"canonical":"https:\/\/www.onceinmykonos.com\/once-upon-a-time\/","og_locale":"fr_FR","og_type":"article","og_title":"Once Upon A Time - Once in Mykonos Resort | \u0394\u03b9\u03b1\u03ba\u03bf\u03c0\u03ad\u03c2 \u03c3\u03c4\u03b7 \u039c\u03cd\u03ba\u03bf\u03bd\u03bf","og_description":"JE VEUX LE VIVRE L&rsquo;histoire de Once in Mykonos est un excellent m\u00e9lange d&rsquo;un pass\u00e9 glorieux et d&rsquo;un avenir prometteur. Elle d\u00e9crit l&rsquo;\u00e9volution d&rsquo;une villa remarquable \u00e0 l&rsquo;\u00e9poque o\u00f9 Mykonos a commenc\u00e9 \u00e0 \u00eatre l&rsquo;aventure pr\u00e9f\u00e9r\u00e9e des artistes, des intellectuels et des personnes influentes du monde entier.Suivant le destin de l&rsquo;\u00eele cosmopolite, la villa d&rsquo;un [&hellip;]","og_url":"https:\/\/www.onceinmykonos.com\/once-upon-a-time\/","og_site_name":"Once in Mykonos Resort | \u0394\u03b9\u03b1\u03ba\u03bf\u03c0\u03ad\u03c2 \u03c3\u03c4\u03b7 \u039c\u03cd\u03ba\u03bf\u03bd\u03bf","article_publisher":"https:\/\/www.facebook.com\/onceinmykonos\/","article_modified_time":"2025-10-29T14:29:03+00:00","og_image":[{"url":"https:\/\/www.onceinmykonos.com\/wp-content\/uploads\/2025\/05\/956_R4063.png","type":"","width":"","height":""}],"twitter_card":"summary_large_image","twitter_misc":{"Dur\u00e9e de lecture estim\u00e9e":"1 minute"},"schema":{"@context":"https:\/\/schema.org","@graph":[{"@type":"WebPage","@id":"https:\/\/www.onceinmykonos.com\/once-upon-a-time\/","url":"https:\/\/www.onceinmykonos.com\/once-upon-a-time\/","name":"Once Upon A Time - Once in Mykonos Resort | \u0394\u03b9\u03b1\u03ba\u03bf\u03c0\u03ad\u03c2 \u03c3\u03c4\u03b7 \u039c\u03cd\u03ba\u03bf\u03bd\u03bf","isPartOf":{"@id":"https:\/\/www.onceinmykonos.com\/#website"},"primaryImageOfPage":{"@id":"https:\/\/www.onceinmykonos.com\/once-upon-a-time\/#primaryimage"},"image":{"@id":"https:\/\/www.onceinmykonos.com\/once-upon-a-time\/#primaryimage"},"thumbnailUrl":"https:\/\/www.onceinmykonos.com\/wp-content\/uploads\/2025\/05\/956_R4063.png","datePublished":"2025-04-30T11:46:47+00:00","dateModified":"2025-10-29T14:29:03+00:00","breadcrumb":{"@id":"https:\/\/www.onceinmykonos.com\/once-upon-a-time\/#breadcrumb"},"inLanguage":"fr-FR","potentialAction":[{"@type":"ReadAction","target":["https:\/\/www.onceinmykonos.com\/once-upon-a-time\/"]}]},{"@type":"ImageObject","inLanguage":"fr-FR","@id":"https:\/\/www.onceinmykonos.com\/once-upon-a-time\/#primaryimage","url":"https:\/\/www.onceinmykonos.com\/wp-content\/uploads\/2025\/05\/956_R4063.png","contentUrl":"https:\/\/www.onceinmykonos.com\/wp-content\/uploads\/2025\/05\/956_R4063.png"},{"@type":"BreadcrumbList","@id":"https:\/\/www.onceinmykonos.com\/once-upon-a-time\/#breadcrumb","itemListElement":[{"@type":"ListItem","position":1,"name":"Home","item":"https:\/\/www.onceinmykonos.com\/fr\/"},{"@type":"ListItem","position":2,"name":"Once Upon A Time"}]},{"@type":"WebSite","@id":"https:\/\/www.onceinmykonos.com\/#website","url":"https:\/\/www.onceinmykonos.com\/","name":"Once in Mykonos Resort | \u0394\u03b9\u03b1\u03ba\u03bf\u03c0\u03ad\u03c2 \u03c3\u03c4\u03b7 \u039c\u03cd\u03ba\u03bf\u03bd\u03bf","description":"","publisher":{"@id":"https:\/\/www.onceinmykonos.com\/#organization"},"potentialAction":[{"@type":"SearchAction","target":{"@type":"EntryPoint","urlTemplate":"https:\/\/www.onceinmykonos.com\/?s={search_term_string}"},"query-input":{"@type":"PropertyValueSpecification","valueRequired":true,"valueName":"search_term_string"}}],"inLanguage":"fr-FR"},{"@type":"Organization","@id":"https:\/\/www.onceinmykonos.com\/#organization","name":"Once in Mykonos Resort | \u0394\u03b9\u03b1\u03ba\u03bf\u03c0\u03ad\u03c2 \u03c3\u03c4\u03b7 \u039c\u03cd\u03ba\u03bf\u03bd\u03bf","url":"https:\/\/www.onceinmykonos.com\/","logo":{"@type":"ImageObject","inLanguage":"fr-FR","@id":"https:\/\/www.onceinmykonos.com\/#\/schema\/logo\/image\/","url":"https:\/\/www.onceinmykonos.com\/wp-content\/uploads\/2025\/04\/Once_in_Mykonos_Luxury_Resort_1068_R9946_logo.png","contentUrl":"https:\/\/www.onceinmykonos.com\/wp-content\/uploads\/2025\/04\/Once_in_Mykonos_Luxury_Resort_1068_R9946_logo.png","width":360,"height":178,"caption":"Once in Mykonos Resort | \u0394\u03b9\u03b1\u03ba\u03bf\u03c0\u03ad\u03c2 \u03c3\u03c4\u03b7 \u039c\u03cd\u03ba\u03bf\u03bd\u03bf"},"image":{"@id":"https:\/\/www.onceinmykonos.com\/#\/schema\/logo\/image\/"},"sameAs":["https:\/\/www.facebook.com\/onceinmykonos\/","https:\/\/www.instagram.com\/onceinmykonos\/"]}]}},"_links":{"self":[{"href":"https:\/\/www.onceinmykonos.com\/fr\/wp-json\/wp\/v2\/pages\/3405","targetHints":{"allow":["GET"]}}],"collection":[{"href":"https:\/\/www.onceinmykonos.com\/fr\/wp-json\/wp\/v2\/pages"}],"about":[{"href":"https:\/\/www.onceinmykonos.com\/fr\/wp-json\/wp\/v2\/types\/page"}],"author":[{"embeddable":true,"href":"https:\/\/www.onceinmykonos.com\/fr\/wp-json\/wp\/v2\/users\/1"}],"replies":[{"embeddable":true,"href":"https:\/\/www.onceinmykonos.com\/fr\/wp-json\/wp\/v2\/comments?post=3405"}],"version-history":[{"count":1,"href":"https:\/\/www.onceinmykonos.com\/fr\/wp-json\/wp\/v2\/pages\/3405\/revisions"}],"predecessor-version":[{"id":3406,"href":"https:\/\/www.onceinmykonos.com\/fr\/wp-json\/wp\/v2\/pages\/3405\/revisions\/3406"}],"wp:attachment":[{"href":"https:\/\/www.onceinmykonos.com\/fr\/wp-json\/wp\/v2\/media?parent=3405"}],"curies":[{"name":"wp","href":"https:\/\/api.w.org\/{rel}","templated":true}]}}