{"id":3389,"date":"2025-08-07T12:21:44","date_gmt":"2025-08-07T12:21:44","guid":{"rendered":"https:\/\/www.onceinmykonos.com\/pique-niques-mykoniens-au-coucher-du-soleil\/"},"modified":"2025-10-29T12:24:23","modified_gmt":"2025-10-29T12:24:23","slug":"pique-niques-mykoniens-au-coucher-du-soleil","status":"publish","type":"page","link":"https:\/\/www.onceinmykonos.com\/fr\/pique-niques-mykoniens-au-coucher-du-soleil\/","title":{"rendered":"Pique-niques mykoniens au coucher du soleil"},"content":{"rendered":"\t\t<div data-elementor-type=\"wp-page\" data-elementor-id=\"3389\" class=\"elementor elementor-3389 elementor-1134\" data-elementor-post-type=\"page\">\n\t\t\t\t<div class=\"elementor-element elementor-element-700ad02 e-flex e-con-boxed e-con e-parent\" data-id=\"700ad02\" data-element_type=\"container\" data-e-type=\"container\">\n\t\t\t\t\t<div class=\"e-con-inner\">\n\t\t\t\t<div class=\"elementor-element elementor-element-e6b2f1b elementor-widget elementor-widget-spacer\" data-id=\"e6b2f1b\" data-element_type=\"widget\" data-e-type=\"widget\" data-widget_type=\"spacer.default\">\n\t\t\t\t<div class=\"elementor-widget-container\">\n\t\t\t\t\t\t\t<div class=\"elementor-spacer\">\n\t\t\t<div class=\"elementor-spacer-inner\"><\/div>\n\t\t<\/div>\n\t\t\t\t\t\t<\/div>\n\t\t\t\t<\/div>\n\t\t\t\t<div class=\"elementor-element elementor-element-028ff3e elementor-widget elementor-widget-text-editor\" data-id=\"028ff3e\" data-element_type=\"widget\" data-e-type=\"widget\" data-widget_type=\"text-editor.default\">\n\t\t\t\t<div class=\"elementor-widget-container\">\n\t\t\t\t\t\t\t\t\t<div class=\"widthLarge\"><div class=\"justify\" data-rec-id=\"1365\" data-field=\"Rec_Editor1\"><div class=\"textEditor_1365\" data-rec-id=\"1365\" data-field=\"Rec_Text1\"><div class=\"widthLarge\"><div class=\"justify\" data-rec-id=\"1368\" data-field=\"Rec_Editor1\"><div class=\"textEditor_1368\" data-rec-id=\"1368\" data-field=\"Rec_Text1\"><p align=\"justify\"><span style=\"font-size: medium;\">Quoi de plus romantique qu&rsquo;un magnifique coucher de soleil sur une plage de sable isol\u00e9e, ensemble ou avec des amis, en d\u00e9gustant un verre de vin frais et un d\u00e9licieux repas ? Nos pique-niques au coucher du soleil, qui peuvent se transformer en soir\u00e9es feu de camp, sont le moyen id\u00e9al de terminer la journ\u00e9e. En toute discr\u00e9tion et sans contrainte de temps, dans un cadre priv\u00e9, en parfaite harmonie avec la beaut\u00e9 spectaculaire des paysages de la mer \u00c9g\u00e9e.  <\/span><\/p><p align=\"justify\"><span style=\"font-size: medium;\">Cr\u00e9ez vos propres souvenirs dor\u00e9s qui dureront longtemps apr\u00e8s le coucher du soleil !<\/span><\/p><\/div><\/div><\/div><\/div><\/div><\/div>\t\t\t\t\t\t\t\t<\/div>\n\t\t\t\t<\/div>\n\t\t\t\t\t<\/div>\n\t\t\t\t<\/div>\n\t\t<div class=\"elementor-element elementor-element-8e3e0a1 e-con-full e-flex e-con e-parent\" data-id=\"8e3e0a1\" data-element_type=\"container\" data-e-type=\"container\">\n\t\t\t\t<div data-dce-title-color=\"#000000\" class=\"elementor-element elementor-element-cb82fcc elementor-widget elementor-widget-heading\" data-id=\"cb82fcc\" data-element_type=\"widget\" data-e-type=\"widget\" data-widget_type=\"heading.default\">\n\t\t\t\t<div class=\"elementor-widget-container\">\n\t\t\t\t\t<p class=\"elementor-heading-title elementor-size-default\">GALERIE<\/p>\t\t\t\t<\/div>\n\t\t\t\t<\/div>\n\t\t\t\t<div class=\"elementor-element elementor-element-b4b358b elementor-widget elementor-widget-gallery\" data-id=\"b4b358b\" data-element_type=\"widget\" data-e-type=\"widget\" data-settings=\"{&quot;gallery_layout&quot;:&quot;justified&quot;,&quot;lazyload&quot;:&quot;yes&quot;,&quot;ideal_row_height&quot;:{&quot;unit&quot;:&quot;px&quot;,&quot;size&quot;:200,&quot;sizes&quot;:[]},&quot;ideal_row_height_widescreen&quot;:{&quot;unit&quot;:&quot;px&quot;,&quot;size&quot;:&quot;&quot;,&quot;sizes&quot;:[]},&quot;ideal_row_height_laptop&quot;:{&quot;unit&quot;:&quot;px&quot;,&quot;size&quot;:150,&quot;sizes&quot;:[]},&quot;ideal_row_height_tablet&quot;:{&quot;unit&quot;:&quot;px&quot;,&quot;size&quot;:150,&quot;sizes&quot;:[]},&quot;ideal_row_height_mobile&quot;:{&quot;unit&quot;:&quot;px&quot;,&quot;size&quot;:150,&quot;sizes&quot;:[]},&quot;gap&quot;:{&quot;unit&quot;:&quot;px&quot;,&quot;size&quot;:10,&quot;sizes&quot;:[]},&quot;gap_widescreen&quot;:{&quot;unit&quot;:&quot;px&quot;,&quot;size&quot;:&quot;&quot;,&quot;sizes&quot;:[]},&quot;gap_laptop&quot;:{&quot;unit&quot;:&quot;px&quot;,&quot;size&quot;:10,&quot;sizes&quot;:[]},&quot;gap_tablet&quot;:{&quot;unit&quot;:&quot;px&quot;,&quot;size&quot;:10,&quot;sizes&quot;:[]},&quot;gap_mobile&quot;:{&quot;unit&quot;:&quot;px&quot;,&quot;size&quot;:10,&quot;sizes&quot;:[]},&quot;link_to&quot;:&quot;file&quot;,&quot;overlay_background&quot;:&quot;yes&quot;,&quot;content_hover_animation&quot;:&quot;fade-in&quot;}\" data-widget_type=\"gallery.default\">\n\t\t\t\t<div class=\"elementor-widget-container\">\n\t\t\t\t\t\t\t<div class=\"elementor-gallery__container\">\n\t\t\t\t\t\t\t<a class=\"e-gallery-item elementor-gallery-item elementor-animated-content\" href=\"https:\/\/www.onceinmykonos.com\/wp-content\/uploads\/2025\/08\/mykonian-sunset-picnics_3076-scaled.jpg\" data-elementor-open-lightbox=\"yes\" data-elementor-lightbox-slideshow=\"b4b358b\" data-elementor-lightbox-title=\"mykonian-sunset-picnics_3076\" data-e-action-hash=\"#elementor-action%3Aaction%3Dlightbox%26settings%3DeyJpZCI6MzM0MiwidXJsIjoiaHR0cHM6XC9cL3d3dy5vbmNlaW5teWtvbm9zLmNvbVwvd3AtY29udGVudFwvdXBsb2Fkc1wvMjAyNVwvMDhcL215a29uaWFuLXN1bnNldC1waWNuaWNzXzMwNzYtc2NhbGVkLmpwZyIsInNsaWRlc2hvdyI6ImI0YjM1OGIifQ%3D%3D\">\n\t\t\t\t\t<div class=\"e-gallery-image elementor-gallery-item__image\" data-thumbnail=\"https:\/\/www.onceinmykonos.com\/wp-content\/uploads\/2025\/08\/mykonian-sunset-picnics_3076-scaled.jpg\" data-width=\"1707\" data-height=\"2560\" aria-label=\"\" role=\"img\" ><\/div>\n\t\t\t\t\t\t\t\t\t\t\t<div class=\"elementor-gallery-item__overlay\"><\/div>\n\t\t\t\t\t\t\t\t\t\t\t\t\t\t<\/a>\n\t\t\t\t\t\t\t<a class=\"e-gallery-item elementor-gallery-item elementor-animated-content\" href=\"https:\/\/www.onceinmykonos.com\/wp-content\/uploads\/2025\/08\/1368_R1898.jpg\" data-elementor-open-lightbox=\"yes\" data-elementor-lightbox-slideshow=\"b4b358b\" data-elementor-lightbox-title=\"1368_R1898\" data-e-action-hash=\"#elementor-action%3Aaction%3Dlightbox%26settings%3DeyJpZCI6MTgyNCwidXJsIjoiaHR0cHM6XC9cL3d3dy5vbmNlaW5teWtvbm9zLmNvbVwvd3AtY29udGVudFwvdXBsb2Fkc1wvMjAyNVwvMDhcLzEzNjhfUjE4OTguanBnIiwic2xpZGVzaG93IjoiYjRiMzU4YiJ9\">\n\t\t\t\t\t<div class=\"e-gallery-image elementor-gallery-item__image\" data-thumbnail=\"https:\/\/www.onceinmykonos.com\/wp-content\/uploads\/2025\/08\/1368_R1898.jpg\" data-width=\"1920\" data-height=\"1281\" aria-label=\"\" role=\"img\" ><\/div>\n\t\t\t\t\t\t\t\t\t\t\t<div class=\"elementor-gallery-item__overlay\"><\/div>\n\t\t\t\t\t\t\t\t\t\t\t\t\t\t<\/a>\n\t\t\t\t\t<\/div>\n\t\t\t\t\t<\/div>\n\t\t\t\t<\/div>\n\t\t\t\t<\/div>\n\t\t\t\t<\/div>\n\t\t","protected":false},"excerpt":{"rendered":"<p>Quoi de plus romantique qu&rsquo;un magnifique coucher de soleil sur une plage de sable isol\u00e9e, ensemble ou avec des amis, en d\u00e9gustant un verre de vin frais et un d\u00e9licieux repas ? Nos pique-niques au coucher du soleil, qui peuvent se transformer en soir\u00e9es feu de camp, sont le moyen id\u00e9al de terminer la journ\u00e9e. [&hellip;]<\/p>\n","protected":false},"author":1,"featured_media":0,"parent":0,"menu_order":0,"comment_status":"closed","ping_status":"closed","template":"","meta":{"_acf_changed":false,"footnotes":""},"class_list":["post-3389","page","type-page","status-publish","hentry"],"acf":[],"yoast_head":"<!-- This site is optimized with the Yoast SEO plugin v26.6 - https:\/\/yoast.com\/wordpress\/plugins\/seo\/ -->\n<title>Pique-niques mykoniens au coucher du soleil - Once in Mykonos Resort | \u0394\u03b9\u03b1\u03ba\u03bf\u03c0\u03ad\u03c2 \u03c3\u03c4\u03b7 \u039c\u03cd\u03ba\u03bf\u03bd\u03bf<\/title>\n<meta name=\"robots\" content=\"index, follow, max-snippet:-1, max-image-preview:large, max-video-preview:-1\" \/>\n<link rel=\"canonical\" href=\"https:\/\/www.onceinmykonos.com\/mykonian-sunset-picnics\/\" \/>\n<meta property=\"og:locale\" content=\"fr_FR\" \/>\n<meta property=\"og:type\" content=\"article\" \/>\n<meta property=\"og:title\" content=\"Pique-niques mykoniens au coucher du soleil - Once in Mykonos Resort | \u0394\u03b9\u03b1\u03ba\u03bf\u03c0\u03ad\u03c2 \u03c3\u03c4\u03b7 \u039c\u03cd\u03ba\u03bf\u03bd\u03bf\" \/>\n<meta property=\"og:description\" content=\"Quoi de plus romantique qu&rsquo;un magnifique coucher de soleil sur une plage de sable isol\u00e9e, ensemble ou avec des amis, en d\u00e9gustant un verre de vin frais et un d\u00e9licieux repas ? Nos pique-niques au coucher du soleil, qui peuvent se transformer en soir\u00e9es feu de camp, sont le moyen id\u00e9al de terminer la journ\u00e9e. [&hellip;]\" \/>\n<meta property=\"og:url\" content=\"https:\/\/www.onceinmykonos.com\/mykonian-sunset-picnics\/\" \/>\n<meta property=\"og:site_name\" content=\"Once in Mykonos Resort | \u0394\u03b9\u03b1\u03ba\u03bf\u03c0\u03ad\u03c2 \u03c3\u03c4\u03b7 \u039c\u03cd\u03ba\u03bf\u03bd\u03bf\" \/>\n<meta property=\"article:publisher\" content=\"https:\/\/www.facebook.com\/onceinmykonos\/\" \/>\n<meta property=\"article:modified_time\" content=\"2025-10-29T12:24:23+00:00\" \/>\n<meta name=\"twitter:card\" content=\"summary_large_image\" \/>\n<meta name=\"twitter:label1\" content=\"Dur\u00e9e de lecture estim\u00e9e\" \/>\n\t<meta name=\"twitter:data1\" content=\"1 minute\" \/>\n<script type=\"application\/ld+json\" class=\"yoast-schema-graph\">{\"@context\":\"https:\/\/schema.org\",\"@graph\":[{\"@type\":\"WebPage\",\"@id\":\"https:\/\/www.onceinmykonos.com\/mykonian-sunset-picnics\/\",\"url\":\"https:\/\/www.onceinmykonos.com\/mykonian-sunset-picnics\/\",\"name\":\"Pique-niques mykoniens au coucher du soleil - Once in Mykonos Resort | \u0394\u03b9\u03b1\u03ba\u03bf\u03c0\u03ad\u03c2 \u03c3\u03c4\u03b7 \u039c\u03cd\u03ba\u03bf\u03bd\u03bf\",\"isPartOf\":{\"@id\":\"https:\/\/www.onceinmykonos.com\/#website\"},\"datePublished\":\"2025-08-07T12:21:44+00:00\",\"dateModified\":\"2025-10-29T12:24:23+00:00\",\"breadcrumb\":{\"@id\":\"https:\/\/www.onceinmykonos.com\/mykonian-sunset-picnics\/#breadcrumb\"},\"inLanguage\":\"fr-FR\",\"potentialAction\":[{\"@type\":\"ReadAction\",\"target\":[\"https:\/\/www.onceinmykonos.com\/mykonian-sunset-picnics\/\"]}]},{\"@type\":\"BreadcrumbList\",\"@id\":\"https:\/\/www.onceinmykonos.com\/mykonian-sunset-picnics\/#breadcrumb\",\"itemListElement\":[{\"@type\":\"ListItem\",\"position\":1,\"name\":\"Home\",\"item\":\"https:\/\/www.onceinmykonos.com\/fr\/\"},{\"@type\":\"ListItem\",\"position\":2,\"name\":\"Pique-niques mykoniens au coucher du soleil\"}]},{\"@type\":\"WebSite\",\"@id\":\"https:\/\/www.onceinmykonos.com\/#website\",\"url\":\"https:\/\/www.onceinmykonos.com\/\",\"name\":\"Once in Mykonos Resort | \u0394\u03b9\u03b1\u03ba\u03bf\u03c0\u03ad\u03c2 \u03c3\u03c4\u03b7 \u039c\u03cd\u03ba\u03bf\u03bd\u03bf\",\"description\":\"\",\"publisher\":{\"@id\":\"https:\/\/www.onceinmykonos.com\/#organization\"},\"potentialAction\":[{\"@type\":\"SearchAction\",\"target\":{\"@type\":\"EntryPoint\",\"urlTemplate\":\"https:\/\/www.onceinmykonos.com\/?s={search_term_string}\"},\"query-input\":{\"@type\":\"PropertyValueSpecification\",\"valueRequired\":true,\"valueName\":\"search_term_string\"}}],\"inLanguage\":\"fr-FR\"},{\"@type\":\"Organization\",\"@id\":\"https:\/\/www.onceinmykonos.com\/#organization\",\"name\":\"Once in Mykonos Resort | \u0394\u03b9\u03b1\u03ba\u03bf\u03c0\u03ad\u03c2 \u03c3\u03c4\u03b7 \u039c\u03cd\u03ba\u03bf\u03bd\u03bf\",\"url\":\"https:\/\/www.onceinmykonos.com\/\",\"logo\":{\"@type\":\"ImageObject\",\"inLanguage\":\"fr-FR\",\"@id\":\"https:\/\/www.onceinmykonos.com\/#\/schema\/logo\/image\/\",\"url\":\"https:\/\/www.onceinmykonos.com\/wp-content\/uploads\/2025\/04\/Once_in_Mykonos_Luxury_Resort_1068_R9946_logo.png\",\"contentUrl\":\"https:\/\/www.onceinmykonos.com\/wp-content\/uploads\/2025\/04\/Once_in_Mykonos_Luxury_Resort_1068_R9946_logo.png\",\"width\":360,\"height\":178,\"caption\":\"Once in Mykonos Resort | \u0394\u03b9\u03b1\u03ba\u03bf\u03c0\u03ad\u03c2 \u03c3\u03c4\u03b7 \u039c\u03cd\u03ba\u03bf\u03bd\u03bf\"},\"image\":{\"@id\":\"https:\/\/www.onceinmykonos.com\/#\/schema\/logo\/image\/\"},\"sameAs\":[\"https:\/\/www.facebook.com\/onceinmykonos\/\",\"https:\/\/www.instagram.com\/onceinmykonos\/\"]}]}<\/script>\n<!-- \/ Yoast SEO plugin. -->","yoast_head_json":{"title":"Pique-niques mykoniens au coucher du soleil - Once in Mykonos Resort | \u0394\u03b9\u03b1\u03ba\u03bf\u03c0\u03ad\u03c2 \u03c3\u03c4\u03b7 \u039c\u03cd\u03ba\u03bf\u03bd\u03bf","robots":{"index":"index","follow":"follow","max-snippet":"max-snippet:-1","max-image-preview":"max-image-preview:large","max-video-preview":"max-video-preview:-1"},"canonical":"https:\/\/www.onceinmykonos.com\/mykonian-sunset-picnics\/","og_locale":"fr_FR","og_type":"article","og_title":"Pique-niques mykoniens au coucher du soleil - Once in Mykonos Resort | \u0394\u03b9\u03b1\u03ba\u03bf\u03c0\u03ad\u03c2 \u03c3\u03c4\u03b7 \u039c\u03cd\u03ba\u03bf\u03bd\u03bf","og_description":"Quoi de plus romantique qu&rsquo;un magnifique coucher de soleil sur une plage de sable isol\u00e9e, ensemble ou avec des amis, en d\u00e9gustant un verre de vin frais et un d\u00e9licieux repas ? Nos pique-niques au coucher du soleil, qui peuvent se transformer en soir\u00e9es feu de camp, sont le moyen id\u00e9al de terminer la journ\u00e9e. [&hellip;]","og_url":"https:\/\/www.onceinmykonos.com\/mykonian-sunset-picnics\/","og_site_name":"Once in Mykonos Resort | \u0394\u03b9\u03b1\u03ba\u03bf\u03c0\u03ad\u03c2 \u03c3\u03c4\u03b7 \u039c\u03cd\u03ba\u03bf\u03bd\u03bf","article_publisher":"https:\/\/www.facebook.com\/onceinmykonos\/","article_modified_time":"2025-10-29T12:24:23+00:00","twitter_card":"summary_large_image","twitter_misc":{"Dur\u00e9e de lecture estim\u00e9e":"1 minute"},"schema":{"@context":"https:\/\/schema.org","@graph":[{"@type":"WebPage","@id":"https:\/\/www.onceinmykonos.com\/mykonian-sunset-picnics\/","url":"https:\/\/www.onceinmykonos.com\/mykonian-sunset-picnics\/","name":"Pique-niques mykoniens au coucher du soleil - Once in Mykonos Resort | \u0394\u03b9\u03b1\u03ba\u03bf\u03c0\u03ad\u03c2 \u03c3\u03c4\u03b7 \u039c\u03cd\u03ba\u03bf\u03bd\u03bf","isPartOf":{"@id":"https:\/\/www.onceinmykonos.com\/#website"},"datePublished":"2025-08-07T12:21:44+00:00","dateModified":"2025-10-29T12:24:23+00:00","breadcrumb":{"@id":"https:\/\/www.onceinmykonos.com\/mykonian-sunset-picnics\/#breadcrumb"},"inLanguage":"fr-FR","potentialAction":[{"@type":"ReadAction","target":["https:\/\/www.onceinmykonos.com\/mykonian-sunset-picnics\/"]}]},{"@type":"BreadcrumbList","@id":"https:\/\/www.onceinmykonos.com\/mykonian-sunset-picnics\/#breadcrumb","itemListElement":[{"@type":"ListItem","position":1,"name":"Home","item":"https:\/\/www.onceinmykonos.com\/fr\/"},{"@type":"ListItem","position":2,"name":"Pique-niques mykoniens au coucher du soleil"}]},{"@type":"WebSite","@id":"https:\/\/www.onceinmykonos.com\/#website","url":"https:\/\/www.onceinmykonos.com\/","name":"Once in Mykonos Resort | \u0394\u03b9\u03b1\u03ba\u03bf\u03c0\u03ad\u03c2 \u03c3\u03c4\u03b7 \u039c\u03cd\u03ba\u03bf\u03bd\u03bf","description":"","publisher":{"@id":"https:\/\/www.onceinmykonos.com\/#organization"},"potentialAction":[{"@type":"SearchAction","target":{"@type":"EntryPoint","urlTemplate":"https:\/\/www.onceinmykonos.com\/?s={search_term_string}"},"query-input":{"@type":"PropertyValueSpecification","valueRequired":true,"valueName":"search_term_string"}}],"inLanguage":"fr-FR"},{"@type":"Organization","@id":"https:\/\/www.onceinmykonos.com\/#organization","name":"Once in Mykonos Resort | \u0394\u03b9\u03b1\u03ba\u03bf\u03c0\u03ad\u03c2 \u03c3\u03c4\u03b7 \u039c\u03cd\u03ba\u03bf\u03bd\u03bf","url":"https:\/\/www.onceinmykonos.com\/","logo":{"@type":"ImageObject","inLanguage":"fr-FR","@id":"https:\/\/www.onceinmykonos.com\/#\/schema\/logo\/image\/","url":"https:\/\/www.onceinmykonos.com\/wp-content\/uploads\/2025\/04\/Once_in_Mykonos_Luxury_Resort_1068_R9946_logo.png","contentUrl":"https:\/\/www.onceinmykonos.com\/wp-content\/uploads\/2025\/04\/Once_in_Mykonos_Luxury_Resort_1068_R9946_logo.png","width":360,"height":178,"caption":"Once in Mykonos Resort | \u0394\u03b9\u03b1\u03ba\u03bf\u03c0\u03ad\u03c2 \u03c3\u03c4\u03b7 \u039c\u03cd\u03ba\u03bf\u03bd\u03bf"},"image":{"@id":"https:\/\/www.onceinmykonos.com\/#\/schema\/logo\/image\/"},"sameAs":["https:\/\/www.facebook.com\/onceinmykonos\/","https:\/\/www.instagram.com\/onceinmykonos\/"]}]}},"_links":{"self":[{"href":"https:\/\/www.onceinmykonos.com\/fr\/wp-json\/wp\/v2\/pages\/3389","targetHints":{"allow":["GET"]}}],"collection":[{"href":"https:\/\/www.onceinmykonos.com\/fr\/wp-json\/wp\/v2\/pages"}],"about":[{"href":"https:\/\/www.onceinmykonos.com\/fr\/wp-json\/wp\/v2\/types\/page"}],"author":[{"embeddable":true,"href":"https:\/\/www.onceinmykonos.com\/fr\/wp-json\/wp\/v2\/users\/1"}],"replies":[{"embeddable":true,"href":"https:\/\/www.onceinmykonos.com\/fr\/wp-json\/wp\/v2\/comments?post=3389"}],"version-history":[{"count":1,"href":"https:\/\/www.onceinmykonos.com\/fr\/wp-json\/wp\/v2\/pages\/3389\/revisions"}],"predecessor-version":[{"id":3390,"href":"https:\/\/www.onceinmykonos.com\/fr\/wp-json\/wp\/v2\/pages\/3389\/revisions\/3390"}],"wp:attachment":[{"href":"https:\/\/www.onceinmykonos.com\/fr\/wp-json\/wp\/v2\/media?parent=3389"}],"curies":[{"name":"wp","href":"https:\/\/api.w.org\/{rel}","templated":true}]}}