{"id":3383,"date":"2025-04-30T11:51:04","date_gmt":"2025-04-30T11:51:04","guid":{"rendered":"https:\/\/www.onceinmykonos.com\/emplacement\/"},"modified":"2025-10-29T12:21:16","modified_gmt":"2025-10-29T12:21:16","slug":"emplacement","status":"publish","type":"page","link":"https:\/\/www.onceinmykonos.com\/fr\/emplacement\/","title":{"rendered":"Emplacement"},"content":{"rendered":"\t\t<div data-elementor-type=\"wp-page\" data-elementor-id=\"3383\" class=\"elementor elementor-3383 elementor-48\" data-elementor-post-type=\"page\">\n\t\t\t\t<div class=\"elementor-element elementor-element-1c73478 e-con-full e-flex e-con e-parent\" data-id=\"1c73478\" data-element_type=\"container\" data-e-type=\"container\" data-settings=\"{&quot;background_background&quot;:&quot;slideshow&quot;,&quot;background_slideshow_gallery&quot;:[{&quot;id&quot;:3231,&quot;url&quot;:&quot;http:\\\/\\\/onceinmykonos.com\\\/wp-content\\\/uploads\\\/2025\\\/08\\\/4_8095.jpg&quot;},{&quot;id&quot;:3234,&quot;url&quot;:&quot;http:\\\/\\\/onceinmykonos.com\\\/wp-content\\\/uploads\\\/2025\\\/08\\\/3_2153.jpg&quot;},{&quot;id&quot;:3237,&quot;url&quot;:&quot;http:\\\/\\\/onceinmykonos.com\\\/wp-content\\\/uploads\\\/2025\\\/08\\\/2_5206.jpg&quot;},{&quot;id&quot;:3240,&quot;url&quot;:&quot;http:\\\/\\\/onceinmykonos.com\\\/wp-content\\\/uploads\\\/2025\\\/08\\\/1_5334.jpg&quot;}],&quot;background_slideshow_loop&quot;:&quot;yes&quot;,&quot;background_slideshow_slide_duration&quot;:5000,&quot;background_slideshow_slide_transition&quot;:&quot;fade&quot;,&quot;background_slideshow_transition_duration&quot;:500}\">\n\t\t\t\t<div data-dce-background-color=\"#F0EEE900\" class=\"elementor-element elementor-element-f5bae58 herobutton elementor-widget elementor-widget-button\" data-id=\"f5bae58\" data-element_type=\"widget\" data-e-type=\"widget\" data-widget_type=\"button.default\">\n\t\t\t\t<div class=\"elementor-widget-container\">\n\t\t\t\t\t\t\t\t\t<div class=\"elementor-button-wrapper\">\n\t\t\t\t\t<a class=\"elementor-button elementor-button-link elementor-size-sm\" href=\"#firstcontainer\">\n\t\t\t\t\t\t<span class=\"elementor-button-content-wrapper\">\n\t\t\t\t\t\t\t\t\t<span class=\"elementor-button-text\">JE VEUX LE VIVRE<br><span class=\"heroarrow\">\u2304<\/span><\/span>\n\t\t\t\t\t<\/span>\n\t\t\t\t\t<\/a>\n\t\t\t\t<\/div>\n\t\t\t\t\t\t\t\t<\/div>\n\t\t\t\t<\/div>\n\t\t\t\t<\/div>\n\t\t<div class=\"elementor-element elementor-element-479e16f e-flex e-con-boxed e-con e-parent\" data-id=\"479e16f\" data-element_type=\"container\" data-e-type=\"container\">\n\t\t\t\t\t<div class=\"e-con-inner\">\n\t\t\t\t<div class=\"elementor-element elementor-element-464f0fd elementor-widget elementor-widget-heading\" data-id=\"464f0fd\" data-element_type=\"widget\" data-e-type=\"widget\" data-widget_type=\"heading.default\">\n\t\t\t\t<div class=\"elementor-widget-container\">\n\t\t\t\t\t<h2 class=\"elementor-heading-title elementor-size-default\">Emplacement\n<\/h2>\t\t\t\t<\/div>\n\t\t\t\t<\/div>\n\t\t\t\t<div class=\"elementor-element elementor-element-5d746bf elementor-widget elementor-widget-text-editor\" data-id=\"5d746bf\" data-element_type=\"widget\" data-e-type=\"widget\" data-widget_type=\"text-editor.default\">\n\t\t\t\t<div class=\"elementor-widget-container\">\n\t\t\t\t\t\t\t\t\t<div class=\"justify\" data-rec-id=\"1114\" data-field=\"Rec_Editor1\"><div class=\"textEditor_1114\" data-rec-id=\"1114\" data-field=\"Rec_Text1\">Once In Mykonos est situ\u00e9 juste au-dessus de la majestueuse plage d&rsquo;Ornos, \u00e0 seulement 10 minutes en voiture de l&rsquo;a\u00e9roport et \u00e0 12 minutes du nouveau port. La charmante ville de Mykonos, connue pour \u00eatre une c\u00e9l\u00e8bre destination estivale cosmopolite, n&rsquo;est qu&rsquo;\u00e0 10 minutes en voiture. <\/div><\/div>\t\t\t\t\t\t\t\t<\/div>\n\t\t\t\t<\/div>\n\t\t\t\t<div class=\"elementor-element elementor-element-7350926 elementor-widget elementor-widget-google_maps\" data-id=\"7350926\" data-element_type=\"widget\" data-e-type=\"widget\" data-widget_type=\"google_maps.default\">\n\t\t\t\t<div class=\"elementor-widget-container\">\n\t\t\t\t\t\t\t<div class=\"elementor-custom-embed\">\n\t\t\t<iframe loading=\"lazy\"\n\t\t\t\t\tsrc=\"https:\/\/maps.google.com\/maps?q=Ornos%20Beach%2C%20Mykonos%2C%20Greece%2C%20Ornos%20846%2000&#038;t=m&#038;z=12&#038;output=embed&#038;iwloc=near\"\n\t\t\t\t\ttitle=\"Ornos Beach, Mykonos, Greece, Ornos 846 00\"\n\t\t\t\t\taria-label=\"Ornos Beach, Mykonos, Greece, Ornos 846 00\"\n\t\t\t><\/iframe>\n\t\t<\/div>\n\t\t\t\t\t\t<\/div>\n\t\t\t\t<\/div>\n\t\t\t\t\t<\/div>\n\t\t\t\t<\/div>\n\t\t\t\t<\/div>\n\t\t","protected":false},"excerpt":{"rendered":"<p>JE VEUX LE VIVRE\u2304 Emplacement Once In Mykonos est situ\u00e9 juste au-dessus de la majestueuse plage d&rsquo;Ornos, \u00e0 seulement 10 minutes en voiture de l&rsquo;a\u00e9roport et \u00e0 12 minutes du nouveau port. La charmante ville de Mykonos, connue pour \u00eatre une c\u00e9l\u00e8bre destination estivale cosmopolite, n&rsquo;est qu&rsquo;\u00e0 10 minutes en voiture.<\/p>\n","protected":false},"author":1,"featured_media":0,"parent":0,"menu_order":0,"comment_status":"closed","ping_status":"closed","template":"","meta":{"_acf_changed":false,"footnotes":""},"class_list":["post-3383","page","type-page","status-publish","hentry"],"acf":[],"yoast_head":"<!-- This site is optimized with the Yoast SEO plugin v26.6 - https:\/\/yoast.com\/wordpress\/plugins\/seo\/ -->\n<title>Emplacement - Once in Mykonos Resort | \u0394\u03b9\u03b1\u03ba\u03bf\u03c0\u03ad\u03c2 \u03c3\u03c4\u03b7 \u039c\u03cd\u03ba\u03bf\u03bd\u03bf<\/title>\n<meta name=\"robots\" content=\"index, follow, max-snippet:-1, max-image-preview:large, max-video-preview:-1\" \/>\n<link rel=\"canonical\" href=\"https:\/\/www.onceinmykonos.com\/location\/\" \/>\n<meta property=\"og:locale\" content=\"fr_FR\" \/>\n<meta property=\"og:type\" content=\"article\" \/>\n<meta property=\"og:title\" content=\"Emplacement - Once in Mykonos Resort | \u0394\u03b9\u03b1\u03ba\u03bf\u03c0\u03ad\u03c2 \u03c3\u03c4\u03b7 \u039c\u03cd\u03ba\u03bf\u03bd\u03bf\" \/>\n<meta property=\"og:description\" content=\"JE VEUX LE VIVRE\u2304 Emplacement Once In Mykonos est situ\u00e9 juste au-dessus de la majestueuse plage d&rsquo;Ornos, \u00e0 seulement 10 minutes en voiture de l&rsquo;a\u00e9roport et \u00e0 12 minutes du nouveau port. La charmante ville de Mykonos, connue pour \u00eatre une c\u00e9l\u00e8bre destination estivale cosmopolite, n&rsquo;est qu&rsquo;\u00e0 10 minutes en voiture.\" \/>\n<meta property=\"og:url\" content=\"https:\/\/www.onceinmykonos.com\/location\/\" \/>\n<meta property=\"og:site_name\" content=\"Once in Mykonos Resort | \u0394\u03b9\u03b1\u03ba\u03bf\u03c0\u03ad\u03c2 \u03c3\u03c4\u03b7 \u039c\u03cd\u03ba\u03bf\u03bd\u03bf\" \/>\n<meta property=\"article:publisher\" content=\"https:\/\/www.facebook.com\/onceinmykonos\/\" \/>\n<meta property=\"article:modified_time\" content=\"2025-10-29T12:21:16+00:00\" \/>\n<meta name=\"twitter:card\" content=\"summary_large_image\" \/>\n<script type=\"application\/ld+json\" class=\"yoast-schema-graph\">{\"@context\":\"https:\/\/schema.org\",\"@graph\":[{\"@type\":\"WebPage\",\"@id\":\"https:\/\/www.onceinmykonos.com\/location\/\",\"url\":\"https:\/\/www.onceinmykonos.com\/location\/\",\"name\":\"Emplacement - Once in Mykonos Resort | \u0394\u03b9\u03b1\u03ba\u03bf\u03c0\u03ad\u03c2 \u03c3\u03c4\u03b7 \u039c\u03cd\u03ba\u03bf\u03bd\u03bf\",\"isPartOf\":{\"@id\":\"https:\/\/www.onceinmykonos.com\/#website\"},\"datePublished\":\"2025-04-30T11:51:04+00:00\",\"dateModified\":\"2025-10-29T12:21:16+00:00\",\"breadcrumb\":{\"@id\":\"https:\/\/www.onceinmykonos.com\/location\/#breadcrumb\"},\"inLanguage\":\"fr-FR\",\"potentialAction\":[{\"@type\":\"ReadAction\",\"target\":[\"https:\/\/www.onceinmykonos.com\/location\/\"]}]},{\"@type\":\"BreadcrumbList\",\"@id\":\"https:\/\/www.onceinmykonos.com\/location\/#breadcrumb\",\"itemListElement\":[{\"@type\":\"ListItem\",\"position\":1,\"name\":\"Home\",\"item\":\"https:\/\/www.onceinmykonos.com\/fr\/\"},{\"@type\":\"ListItem\",\"position\":2,\"name\":\"Emplacement\"}]},{\"@type\":\"WebSite\",\"@id\":\"https:\/\/www.onceinmykonos.com\/#website\",\"url\":\"https:\/\/www.onceinmykonos.com\/\",\"name\":\"Once in Mykonos Resort | \u0394\u03b9\u03b1\u03ba\u03bf\u03c0\u03ad\u03c2 \u03c3\u03c4\u03b7 \u039c\u03cd\u03ba\u03bf\u03bd\u03bf\",\"description\":\"\",\"publisher\":{\"@id\":\"https:\/\/www.onceinmykonos.com\/#organization\"},\"potentialAction\":[{\"@type\":\"SearchAction\",\"target\":{\"@type\":\"EntryPoint\",\"urlTemplate\":\"https:\/\/www.onceinmykonos.com\/?s={search_term_string}\"},\"query-input\":{\"@type\":\"PropertyValueSpecification\",\"valueRequired\":true,\"valueName\":\"search_term_string\"}}],\"inLanguage\":\"fr-FR\"},{\"@type\":\"Organization\",\"@id\":\"https:\/\/www.onceinmykonos.com\/#organization\",\"name\":\"Once in Mykonos Resort | \u0394\u03b9\u03b1\u03ba\u03bf\u03c0\u03ad\u03c2 \u03c3\u03c4\u03b7 \u039c\u03cd\u03ba\u03bf\u03bd\u03bf\",\"url\":\"https:\/\/www.onceinmykonos.com\/\",\"logo\":{\"@type\":\"ImageObject\",\"inLanguage\":\"fr-FR\",\"@id\":\"https:\/\/www.onceinmykonos.com\/#\/schema\/logo\/image\/\",\"url\":\"https:\/\/www.onceinmykonos.com\/wp-content\/uploads\/2025\/04\/Once_in_Mykonos_Luxury_Resort_1068_R9946_logo.png\",\"contentUrl\":\"https:\/\/www.onceinmykonos.com\/wp-content\/uploads\/2025\/04\/Once_in_Mykonos_Luxury_Resort_1068_R9946_logo.png\",\"width\":360,\"height\":178,\"caption\":\"Once in Mykonos Resort | \u0394\u03b9\u03b1\u03ba\u03bf\u03c0\u03ad\u03c2 \u03c3\u03c4\u03b7 \u039c\u03cd\u03ba\u03bf\u03bd\u03bf\"},\"image\":{\"@id\":\"https:\/\/www.onceinmykonos.com\/#\/schema\/logo\/image\/\"},\"sameAs\":[\"https:\/\/www.facebook.com\/onceinmykonos\/\",\"https:\/\/www.instagram.com\/onceinmykonos\/\"]}]}<\/script>\n<!-- \/ Yoast SEO plugin. -->","yoast_head_json":{"title":"Emplacement - Once in Mykonos Resort | \u0394\u03b9\u03b1\u03ba\u03bf\u03c0\u03ad\u03c2 \u03c3\u03c4\u03b7 \u039c\u03cd\u03ba\u03bf\u03bd\u03bf","robots":{"index":"index","follow":"follow","max-snippet":"max-snippet:-1","max-image-preview":"max-image-preview:large","max-video-preview":"max-video-preview:-1"},"canonical":"https:\/\/www.onceinmykonos.com\/location\/","og_locale":"fr_FR","og_type":"article","og_title":"Emplacement - Once in Mykonos Resort | \u0394\u03b9\u03b1\u03ba\u03bf\u03c0\u03ad\u03c2 \u03c3\u03c4\u03b7 \u039c\u03cd\u03ba\u03bf\u03bd\u03bf","og_description":"JE VEUX LE VIVRE\u2304 Emplacement Once In Mykonos est situ\u00e9 juste au-dessus de la majestueuse plage d&rsquo;Ornos, \u00e0 seulement 10 minutes en voiture de l&rsquo;a\u00e9roport et \u00e0 12 minutes du nouveau port. La charmante ville de Mykonos, connue pour \u00eatre une c\u00e9l\u00e8bre destination estivale cosmopolite, n&rsquo;est qu&rsquo;\u00e0 10 minutes en voiture.","og_url":"https:\/\/www.onceinmykonos.com\/location\/","og_site_name":"Once in Mykonos Resort | \u0394\u03b9\u03b1\u03ba\u03bf\u03c0\u03ad\u03c2 \u03c3\u03c4\u03b7 \u039c\u03cd\u03ba\u03bf\u03bd\u03bf","article_publisher":"https:\/\/www.facebook.com\/onceinmykonos\/","article_modified_time":"2025-10-29T12:21:16+00:00","twitter_card":"summary_large_image","schema":{"@context":"https:\/\/schema.org","@graph":[{"@type":"WebPage","@id":"https:\/\/www.onceinmykonos.com\/location\/","url":"https:\/\/www.onceinmykonos.com\/location\/","name":"Emplacement - Once in Mykonos Resort | \u0394\u03b9\u03b1\u03ba\u03bf\u03c0\u03ad\u03c2 \u03c3\u03c4\u03b7 \u039c\u03cd\u03ba\u03bf\u03bd\u03bf","isPartOf":{"@id":"https:\/\/www.onceinmykonos.com\/#website"},"datePublished":"2025-04-30T11:51:04+00:00","dateModified":"2025-10-29T12:21:16+00:00","breadcrumb":{"@id":"https:\/\/www.onceinmykonos.com\/location\/#breadcrumb"},"inLanguage":"fr-FR","potentialAction":[{"@type":"ReadAction","target":["https:\/\/www.onceinmykonos.com\/location\/"]}]},{"@type":"BreadcrumbList","@id":"https:\/\/www.onceinmykonos.com\/location\/#breadcrumb","itemListElement":[{"@type":"ListItem","position":1,"name":"Home","item":"https:\/\/www.onceinmykonos.com\/fr\/"},{"@type":"ListItem","position":2,"name":"Emplacement"}]},{"@type":"WebSite","@id":"https:\/\/www.onceinmykonos.com\/#website","url":"https:\/\/www.onceinmykonos.com\/","name":"Once in Mykonos Resort | \u0394\u03b9\u03b1\u03ba\u03bf\u03c0\u03ad\u03c2 \u03c3\u03c4\u03b7 \u039c\u03cd\u03ba\u03bf\u03bd\u03bf","description":"","publisher":{"@id":"https:\/\/www.onceinmykonos.com\/#organization"},"potentialAction":[{"@type":"SearchAction","target":{"@type":"EntryPoint","urlTemplate":"https:\/\/www.onceinmykonos.com\/?s={search_term_string}"},"query-input":{"@type":"PropertyValueSpecification","valueRequired":true,"valueName":"search_term_string"}}],"inLanguage":"fr-FR"},{"@type":"Organization","@id":"https:\/\/www.onceinmykonos.com\/#organization","name":"Once in Mykonos Resort | \u0394\u03b9\u03b1\u03ba\u03bf\u03c0\u03ad\u03c2 \u03c3\u03c4\u03b7 \u039c\u03cd\u03ba\u03bf\u03bd\u03bf","url":"https:\/\/www.onceinmykonos.com\/","logo":{"@type":"ImageObject","inLanguage":"fr-FR","@id":"https:\/\/www.onceinmykonos.com\/#\/schema\/logo\/image\/","url":"https:\/\/www.onceinmykonos.com\/wp-content\/uploads\/2025\/04\/Once_in_Mykonos_Luxury_Resort_1068_R9946_logo.png","contentUrl":"https:\/\/www.onceinmykonos.com\/wp-content\/uploads\/2025\/04\/Once_in_Mykonos_Luxury_Resort_1068_R9946_logo.png","width":360,"height":178,"caption":"Once in Mykonos Resort | \u0394\u03b9\u03b1\u03ba\u03bf\u03c0\u03ad\u03c2 \u03c3\u03c4\u03b7 \u039c\u03cd\u03ba\u03bf\u03bd\u03bf"},"image":{"@id":"https:\/\/www.onceinmykonos.com\/#\/schema\/logo\/image\/"},"sameAs":["https:\/\/www.facebook.com\/onceinmykonos\/","https:\/\/www.instagram.com\/onceinmykonos\/"]}]}},"_links":{"self":[{"href":"https:\/\/www.onceinmykonos.com\/fr\/wp-json\/wp\/v2\/pages\/3383","targetHints":{"allow":["GET"]}}],"collection":[{"href":"https:\/\/www.onceinmykonos.com\/fr\/wp-json\/wp\/v2\/pages"}],"about":[{"href":"https:\/\/www.onceinmykonos.com\/fr\/wp-json\/wp\/v2\/types\/page"}],"author":[{"embeddable":true,"href":"https:\/\/www.onceinmykonos.com\/fr\/wp-json\/wp\/v2\/users\/1"}],"replies":[{"embeddable":true,"href":"https:\/\/www.onceinmykonos.com\/fr\/wp-json\/wp\/v2\/comments?post=3383"}],"version-history":[{"count":1,"href":"https:\/\/www.onceinmykonos.com\/fr\/wp-json\/wp\/v2\/pages\/3383\/revisions"}],"predecessor-version":[{"id":3384,"href":"https:\/\/www.onceinmykonos.com\/fr\/wp-json\/wp\/v2\/pages\/3383\/revisions\/3384"}],"wp:attachment":[{"href":"https:\/\/www.onceinmykonos.com\/fr\/wp-json\/wp\/v2\/media?parent=3383"}],"curies":[{"name":"wp","href":"https:\/\/api.w.org\/{rel}","templated":true}]}}