{"id":1817,"date":"2025-08-07T12:21:57","date_gmt":"2025-08-07T12:21:57","guid":{"rendered":"https:\/\/www.onceinmykonos.com\/decouvrez-des-seances-de-yoga-revitalisantes\/"},"modified":"2025-10-29T10:43:04","modified_gmt":"2025-10-29T10:43:04","slug":"decouvrez-des-seances-de-yoga-revitalisantes","status":"publish","type":"page","link":"https:\/\/www.onceinmykonos.com\/fr\/decouvrez-des-seances-de-yoga-revitalisantes\/","title":{"rendered":"D\u00e9couvrez des s\u00e9ances de yoga revitalisantes"},"content":{"rendered":"\t\t<div data-elementor-type=\"wp-page\" data-elementor-id=\"1817\" class=\"elementor elementor-1817 elementor-1136\" data-elementor-post-type=\"page\">\n\t\t\t\t<div class=\"elementor-element elementor-element-700ad02 e-flex e-con-boxed e-con e-parent\" data-id=\"700ad02\" data-element_type=\"container\" data-e-type=\"container\">\n\t\t\t\t\t<div class=\"e-con-inner\">\n\t\t\t\t<div class=\"elementor-element elementor-element-e6b2f1b elementor-widget elementor-widget-spacer\" data-id=\"e6b2f1b\" data-element_type=\"widget\" data-e-type=\"widget\" data-widget_type=\"spacer.default\">\n\t\t\t\t<div class=\"elementor-widget-container\">\n\t\t\t\t\t\t\t<div class=\"elementor-spacer\">\n\t\t\t<div class=\"elementor-spacer-inner\"><\/div>\n\t\t<\/div>\n\t\t\t\t\t\t<\/div>\n\t\t\t\t<\/div>\n\t\t\t\t<div class=\"elementor-element elementor-element-028ff3e elementor-widget elementor-widget-text-editor\" data-id=\"028ff3e\" data-element_type=\"widget\" data-e-type=\"widget\" data-widget_type=\"text-editor.default\">\n\t\t\t\t<div class=\"elementor-widget-container\">\n\t\t\t\t\t\t\t\t\t<div class=\"widthLarge\"><div class=\"justify\" data-rec-id=\"1365\" data-field=\"Rec_Editor1\"><div class=\"textEditor_1365\" data-rec-id=\"1365\" data-field=\"Rec_Text1\"><div class=\"widthLarge\"><div class=\"justify\" data-rec-id=\"1649\" data-field=\"Rec_Editor1\"><div class=\"textEditor_1649\" data-rec-id=\"1649\" data-field=\"Rec_Text1\">Bienvenue dans notre havre de paix ! Rejoignez-nous pour nos ateliers de yoga revigorants, con\u00e7us pour vous faire d\u00e9couvrir le bien-\u00eatre holistique et vous aider \u00e0 mieux vous conna\u00eetre. Notre professeur de yoga hautement qualifi\u00e9 cr\u00e9e un environnement accueillant qui convient aux pratiquants de tous niveaux. Que vous soyez un yogi exp\u00e9riment\u00e9 ou un d\u00e9butant qui commence tout juste son parcours, nos ateliers ont \u00e9t\u00e9 soigneusement con\u00e7us pour r\u00e9pondre aux besoins et aux aspirations vari\u00e9s de tous les participants.  <\/div><\/div><\/div><\/div><\/div><\/div>\t\t\t\t\t\t\t\t<\/div>\n\t\t\t\t<\/div>\n\t\t\t\t\t<\/div>\n\t\t\t\t<\/div>\n\t\t\t\t<\/div>\n\t\t","protected":false},"excerpt":{"rendered":"<p>Bienvenue dans notre havre de paix ! Rejoignez-nous pour nos ateliers de yoga revigorants, con\u00e7us pour vous faire d\u00e9couvrir le bien-\u00eatre holistique et vous aider \u00e0 mieux vous conna\u00eetre. Notre professeur de yoga hautement qualifi\u00e9 cr\u00e9e un environnement accueillant qui convient aux pratiquants de tous niveaux. Que vous soyez un yogi exp\u00e9riment\u00e9 ou un d\u00e9butant [&hellip;]<\/p>\n","protected":false},"author":1,"featured_media":0,"parent":0,"menu_order":0,"comment_status":"closed","ping_status":"closed","template":"","meta":{"_acf_changed":false,"footnotes":""},"class_list":["post-1817","page","type-page","status-publish","hentry"],"acf":[],"yoast_head":"<!-- This site is optimized with the Yoast SEO plugin v26.6 - https:\/\/yoast.com\/wordpress\/plugins\/seo\/ -->\n<title>D\u00e9couvrez des s\u00e9ances de yoga revitalisantes - Once in Mykonos Resort | \u0394\u03b9\u03b1\u03ba\u03bf\u03c0\u03ad\u03c2 \u03c3\u03c4\u03b7 \u039c\u03cd\u03ba\u03bf\u03bd\u03bf<\/title>\n<meta name=\"robots\" content=\"index, follow, max-snippet:-1, max-image-preview:large, max-video-preview:-1\" \/>\n<link rel=\"canonical\" href=\"https:\/\/www.onceinmykonos.com\/fr\/decouvrez-des-seances-de-yoga-revitalisantes\/\" \/>\n<meta property=\"og:locale\" content=\"fr_FR\" \/>\n<meta property=\"og:type\" content=\"article\" \/>\n<meta property=\"og:title\" content=\"D\u00e9couvrez des s\u00e9ances de yoga revitalisantes - Once in Mykonos Resort | \u0394\u03b9\u03b1\u03ba\u03bf\u03c0\u03ad\u03c2 \u03c3\u03c4\u03b7 \u039c\u03cd\u03ba\u03bf\u03bd\u03bf\" \/>\n<meta property=\"og:description\" content=\"Bienvenue dans notre havre de paix ! Rejoignez-nous pour nos ateliers de yoga revigorants, con\u00e7us pour vous faire d\u00e9couvrir le bien-\u00eatre holistique et vous aider \u00e0 mieux vous conna\u00eetre. Notre professeur de yoga hautement qualifi\u00e9 cr\u00e9e un environnement accueillant qui convient aux pratiquants de tous niveaux. Que vous soyez un yogi exp\u00e9riment\u00e9 ou un d\u00e9butant [&hellip;]\" \/>\n<meta property=\"og:url\" content=\"https:\/\/www.onceinmykonos.com\/fr\/decouvrez-des-seances-de-yoga-revitalisantes\/\" \/>\n<meta property=\"og:site_name\" content=\"Once in Mykonos Resort | \u0394\u03b9\u03b1\u03ba\u03bf\u03c0\u03ad\u03c2 \u03c3\u03c4\u03b7 \u039c\u03cd\u03ba\u03bf\u03bd\u03bf\" \/>\n<meta property=\"article:publisher\" content=\"https:\/\/www.facebook.com\/onceinmykonos\/\" \/>\n<meta property=\"article:modified_time\" content=\"2025-10-29T10:43:04+00:00\" \/>\n<meta name=\"twitter:card\" content=\"summary_large_image\" \/>\n<script type=\"application\/ld+json\" class=\"yoast-schema-graph\">{\"@context\":\"https:\/\/schema.org\",\"@graph\":[{\"@type\":\"WebPage\",\"@id\":\"https:\/\/www.onceinmykonos.com\/fr\/decouvrez-des-seances-de-yoga-revitalisantes\/\",\"url\":\"https:\/\/www.onceinmykonos.com\/fr\/decouvrez-des-seances-de-yoga-revitalisantes\/\",\"name\":\"D\u00e9couvrez des s\u00e9ances de yoga revitalisantes - Once in Mykonos Resort | \u0394\u03b9\u03b1\u03ba\u03bf\u03c0\u03ad\u03c2 \u03c3\u03c4\u03b7 \u039c\u03cd\u03ba\u03bf\u03bd\u03bf\",\"isPartOf\":{\"@id\":\"https:\/\/www.onceinmykonos.com\/#website\"},\"datePublished\":\"2025-08-07T12:21:57+00:00\",\"dateModified\":\"2025-10-29T10:43:04+00:00\",\"breadcrumb\":{\"@id\":\"https:\/\/www.onceinmykonos.com\/fr\/decouvrez-des-seances-de-yoga-revitalisantes\/#breadcrumb\"},\"inLanguage\":\"fr-FR\",\"potentialAction\":[{\"@type\":\"ReadAction\",\"target\":[\"https:\/\/www.onceinmykonos.com\/fr\/decouvrez-des-seances-de-yoga-revitalisantes\/\"]}]},{\"@type\":\"BreadcrumbList\",\"@id\":\"https:\/\/www.onceinmykonos.com\/fr\/decouvrez-des-seances-de-yoga-revitalisantes\/#breadcrumb\",\"itemListElement\":[{\"@type\":\"ListItem\",\"position\":1,\"name\":\"Home\",\"item\":\"https:\/\/www.onceinmykonos.com\/fr\/\"},{\"@type\":\"ListItem\",\"position\":2,\"name\":\"D\u00e9couvrez des s\u00e9ances de yoga revitalisantes\"}]},{\"@type\":\"WebSite\",\"@id\":\"https:\/\/www.onceinmykonos.com\/#website\",\"url\":\"https:\/\/www.onceinmykonos.com\/\",\"name\":\"Once in Mykonos Resort | \u0394\u03b9\u03b1\u03ba\u03bf\u03c0\u03ad\u03c2 \u03c3\u03c4\u03b7 \u039c\u03cd\u03ba\u03bf\u03bd\u03bf\",\"description\":\"\",\"publisher\":{\"@id\":\"https:\/\/www.onceinmykonos.com\/#organization\"},\"potentialAction\":[{\"@type\":\"SearchAction\",\"target\":{\"@type\":\"EntryPoint\",\"urlTemplate\":\"https:\/\/www.onceinmykonos.com\/?s={search_term_string}\"},\"query-input\":{\"@type\":\"PropertyValueSpecification\",\"valueRequired\":true,\"valueName\":\"search_term_string\"}}],\"inLanguage\":\"fr-FR\"},{\"@type\":\"Organization\",\"@id\":\"https:\/\/www.onceinmykonos.com\/#organization\",\"name\":\"Once in Mykonos Resort | \u0394\u03b9\u03b1\u03ba\u03bf\u03c0\u03ad\u03c2 \u03c3\u03c4\u03b7 \u039c\u03cd\u03ba\u03bf\u03bd\u03bf\",\"url\":\"https:\/\/www.onceinmykonos.com\/\",\"logo\":{\"@type\":\"ImageObject\",\"inLanguage\":\"fr-FR\",\"@id\":\"https:\/\/www.onceinmykonos.com\/#\/schema\/logo\/image\/\",\"url\":\"https:\/\/www.onceinmykonos.com\/wp-content\/uploads\/2025\/04\/Once_in_Mykonos_Luxury_Resort_1068_R9946_logo.png\",\"contentUrl\":\"https:\/\/www.onceinmykonos.com\/wp-content\/uploads\/2025\/04\/Once_in_Mykonos_Luxury_Resort_1068_R9946_logo.png\",\"width\":360,\"height\":178,\"caption\":\"Once in Mykonos Resort | \u0394\u03b9\u03b1\u03ba\u03bf\u03c0\u03ad\u03c2 \u03c3\u03c4\u03b7 \u039c\u03cd\u03ba\u03bf\u03bd\u03bf\"},\"image\":{\"@id\":\"https:\/\/www.onceinmykonos.com\/#\/schema\/logo\/image\/\"},\"sameAs\":[\"https:\/\/www.facebook.com\/onceinmykonos\/\",\"https:\/\/www.instagram.com\/onceinmykonos\/\"]}]}<\/script>\n<!-- \/ Yoast SEO plugin. -->","yoast_head_json":{"title":"D\u00e9couvrez des s\u00e9ances de yoga revitalisantes - Once in Mykonos Resort | \u0394\u03b9\u03b1\u03ba\u03bf\u03c0\u03ad\u03c2 \u03c3\u03c4\u03b7 \u039c\u03cd\u03ba\u03bf\u03bd\u03bf","robots":{"index":"index","follow":"follow","max-snippet":"max-snippet:-1","max-image-preview":"max-image-preview:large","max-video-preview":"max-video-preview:-1"},"canonical":"https:\/\/www.onceinmykonos.com\/fr\/decouvrez-des-seances-de-yoga-revitalisantes\/","og_locale":"fr_FR","og_type":"article","og_title":"D\u00e9couvrez des s\u00e9ances de yoga revitalisantes - Once in Mykonos Resort | \u0394\u03b9\u03b1\u03ba\u03bf\u03c0\u03ad\u03c2 \u03c3\u03c4\u03b7 \u039c\u03cd\u03ba\u03bf\u03bd\u03bf","og_description":"Bienvenue dans notre havre de paix ! Rejoignez-nous pour nos ateliers de yoga revigorants, con\u00e7us pour vous faire d\u00e9couvrir le bien-\u00eatre holistique et vous aider \u00e0 mieux vous conna\u00eetre. Notre professeur de yoga hautement qualifi\u00e9 cr\u00e9e un environnement accueillant qui convient aux pratiquants de tous niveaux. Que vous soyez un yogi exp\u00e9riment\u00e9 ou un d\u00e9butant [&hellip;]","og_url":"https:\/\/www.onceinmykonos.com\/fr\/decouvrez-des-seances-de-yoga-revitalisantes\/","og_site_name":"Once in Mykonos Resort | \u0394\u03b9\u03b1\u03ba\u03bf\u03c0\u03ad\u03c2 \u03c3\u03c4\u03b7 \u039c\u03cd\u03ba\u03bf\u03bd\u03bf","article_publisher":"https:\/\/www.facebook.com\/onceinmykonos\/","article_modified_time":"2025-10-29T10:43:04+00:00","twitter_card":"summary_large_image","schema":{"@context":"https:\/\/schema.org","@graph":[{"@type":"WebPage","@id":"https:\/\/www.onceinmykonos.com\/fr\/decouvrez-des-seances-de-yoga-revitalisantes\/","url":"https:\/\/www.onceinmykonos.com\/fr\/decouvrez-des-seances-de-yoga-revitalisantes\/","name":"D\u00e9couvrez des s\u00e9ances de yoga revitalisantes - Once in Mykonos Resort | \u0394\u03b9\u03b1\u03ba\u03bf\u03c0\u03ad\u03c2 \u03c3\u03c4\u03b7 \u039c\u03cd\u03ba\u03bf\u03bd\u03bf","isPartOf":{"@id":"https:\/\/www.onceinmykonos.com\/#website"},"datePublished":"2025-08-07T12:21:57+00:00","dateModified":"2025-10-29T10:43:04+00:00","breadcrumb":{"@id":"https:\/\/www.onceinmykonos.com\/fr\/decouvrez-des-seances-de-yoga-revitalisantes\/#breadcrumb"},"inLanguage":"fr-FR","potentialAction":[{"@type":"ReadAction","target":["https:\/\/www.onceinmykonos.com\/fr\/decouvrez-des-seances-de-yoga-revitalisantes\/"]}]},{"@type":"BreadcrumbList","@id":"https:\/\/www.onceinmykonos.com\/fr\/decouvrez-des-seances-de-yoga-revitalisantes\/#breadcrumb","itemListElement":[{"@type":"ListItem","position":1,"name":"Home","item":"https:\/\/www.onceinmykonos.com\/fr\/"},{"@type":"ListItem","position":2,"name":"D\u00e9couvrez des s\u00e9ances de yoga revitalisantes"}]},{"@type":"WebSite","@id":"https:\/\/www.onceinmykonos.com\/#website","url":"https:\/\/www.onceinmykonos.com\/","name":"Once in Mykonos Resort | \u0394\u03b9\u03b1\u03ba\u03bf\u03c0\u03ad\u03c2 \u03c3\u03c4\u03b7 \u039c\u03cd\u03ba\u03bf\u03bd\u03bf","description":"","publisher":{"@id":"https:\/\/www.onceinmykonos.com\/#organization"},"potentialAction":[{"@type":"SearchAction","target":{"@type":"EntryPoint","urlTemplate":"https:\/\/www.onceinmykonos.com\/?s={search_term_string}"},"query-input":{"@type":"PropertyValueSpecification","valueRequired":true,"valueName":"search_term_string"}}],"inLanguage":"fr-FR"},{"@type":"Organization","@id":"https:\/\/www.onceinmykonos.com\/#organization","name":"Once in Mykonos Resort | \u0394\u03b9\u03b1\u03ba\u03bf\u03c0\u03ad\u03c2 \u03c3\u03c4\u03b7 \u039c\u03cd\u03ba\u03bf\u03bd\u03bf","url":"https:\/\/www.onceinmykonos.com\/","logo":{"@type":"ImageObject","inLanguage":"fr-FR","@id":"https:\/\/www.onceinmykonos.com\/#\/schema\/logo\/image\/","url":"https:\/\/www.onceinmykonos.com\/wp-content\/uploads\/2025\/04\/Once_in_Mykonos_Luxury_Resort_1068_R9946_logo.png","contentUrl":"https:\/\/www.onceinmykonos.com\/wp-content\/uploads\/2025\/04\/Once_in_Mykonos_Luxury_Resort_1068_R9946_logo.png","width":360,"height":178,"caption":"Once in Mykonos Resort | \u0394\u03b9\u03b1\u03ba\u03bf\u03c0\u03ad\u03c2 \u03c3\u03c4\u03b7 \u039c\u03cd\u03ba\u03bf\u03bd\u03bf"},"image":{"@id":"https:\/\/www.onceinmykonos.com\/#\/schema\/logo\/image\/"},"sameAs":["https:\/\/www.facebook.com\/onceinmykonos\/","https:\/\/www.instagram.com\/onceinmykonos\/"]}]}},"_links":{"self":[{"href":"https:\/\/www.onceinmykonos.com\/fr\/wp-json\/wp\/v2\/pages\/1817","targetHints":{"allow":["GET"]}}],"collection":[{"href":"https:\/\/www.onceinmykonos.com\/fr\/wp-json\/wp\/v2\/pages"}],"about":[{"href":"https:\/\/www.onceinmykonos.com\/fr\/wp-json\/wp\/v2\/types\/page"}],"author":[{"embeddable":true,"href":"https:\/\/www.onceinmykonos.com\/fr\/wp-json\/wp\/v2\/users\/1"}],"replies":[{"embeddable":true,"href":"https:\/\/www.onceinmykonos.com\/fr\/wp-json\/wp\/v2\/comments?post=1817"}],"version-history":[{"count":1,"href":"https:\/\/www.onceinmykonos.com\/fr\/wp-json\/wp\/v2\/pages\/1817\/revisions"}],"predecessor-version":[{"id":1818,"href":"https:\/\/www.onceinmykonos.com\/fr\/wp-json\/wp\/v2\/pages\/1817\/revisions\/1818"}],"wp:attachment":[{"href":"https:\/\/www.onceinmykonos.com\/fr\/wp-json\/wp\/v2\/media?parent=1817"}],"curies":[{"name":"wp","href":"https:\/\/api.w.org\/{rel}","templated":true}]}}