{"id":1632,"date":"2025-08-07T12:21:32","date_gmt":"2025-08-07T12:21:32","guid":{"rendered":"https:\/\/www.onceinmykonos.com\/une-excursion-inoubliable\/"},"modified":"2025-10-24T12:55:11","modified_gmt":"2025-10-24T12:55:11","slug":"une-excursion-inoubliable","status":"publish","type":"page","link":"https:\/\/www.onceinmykonos.com\/fr\/une-excursion-inoubliable\/","title":{"rendered":"Une excursion inoubliable"},"content":{"rendered":"\t\t<div data-elementor-type=\"wp-page\" data-elementor-id=\"1632\" class=\"elementor elementor-1632 elementor-1132\" data-elementor-post-type=\"page\">\n\t\t\t\t<div class=\"elementor-element elementor-element-700ad02 e-flex e-con-boxed e-con e-parent\" data-id=\"700ad02\" data-element_type=\"container\" data-e-type=\"container\">\n\t\t\t\t\t<div class=\"e-con-inner\">\n\t\t\t\t<div class=\"elementor-element elementor-element-e6b2f1b elementor-widget elementor-widget-spacer\" data-id=\"e6b2f1b\" data-element_type=\"widget\" data-e-type=\"widget\" data-widget_type=\"spacer.default\">\n\t\t\t\t<div class=\"elementor-widget-container\">\n\t\t\t\t\t\t\t<div class=\"elementor-spacer\">\n\t\t\t<div class=\"elementor-spacer-inner\"><\/div>\n\t\t<\/div>\n\t\t\t\t\t\t<\/div>\n\t\t\t\t<\/div>\n\t\t\t\t<div class=\"elementor-element elementor-element-028ff3e elementor-widget elementor-widget-text-editor\" data-id=\"028ff3e\" data-element_type=\"widget\" data-e-type=\"widget\" data-widget_type=\"text-editor.default\">\n\t\t\t\t<div class=\"elementor-widget-container\">\n\t\t\t\t\t\t\t\t\t<div class=\"widthLarge\"><div class=\"justify\" data-rec-id=\"1365\" data-field=\"Rec_Editor1\"><div class=\"textEditor_1365\" data-rec-id=\"1365\" data-field=\"Rec_Text1\"><div class=\"widthLarge\"><div class=\"justify\" data-rec-id=\"1367\" data-field=\"Rec_Editor1\"><div class=\"textEditor_1367\" data-rec-id=\"1367\" data-field=\"Rec_Text1\"><p align=\"justify\"><span style=\"font-size: medium;\">Explorez les eaux glorieuses qui entourent Mykonos tout en admirant les paysages et les sons de la mer \u00c9g\u00e9e, et offrez un cadeau inoubliable \u00e0 vos amis et \u00e0 vos proches. Que vous voyagiez seul ou en compagnie, n&rsquo;h\u00e9sitez pas \u00e0 embarquer pour une excursion de 3 heures sur les \u00eeles de D\u00e9los et de Rh\u00e9n\u00e9e ou sur les c\u00e9l\u00e8bres plages de la c\u00f4te sud de Mykonos.  <\/span><\/p><p align=\"justify\"><span style=\"font-size: medium;\">N&rsquo;oubliez pas que le coucher de soleil n&rsquo;a jamais \u00e9t\u00e9 aussi beau que lors de votre croisi\u00e8re priv\u00e9e !<\/span><\/p><\/div><\/div><\/div><\/div><\/div><\/div>\t\t\t\t\t\t\t\t<\/div>\n\t\t\t\t<\/div>\n\t\t\t\t\t<\/div>\n\t\t\t\t<\/div>\n\t\t<div class=\"elementor-element elementor-element-8e3e0a1 e-con-full e-flex e-con e-parent\" data-id=\"8e3e0a1\" data-element_type=\"container\" data-e-type=\"container\">\n\t\t\t\t<div data-dce-title-color=\"#000000\" class=\"elementor-element elementor-element-cb82fcc elementor-widget elementor-widget-heading\" data-id=\"cb82fcc\" data-element_type=\"widget\" data-e-type=\"widget\" data-widget_type=\"heading.default\">\n\t\t\t\t<div class=\"elementor-widget-container\">\n\t\t\t\t\t<p class=\"elementor-heading-title elementor-size-default\">GALERIE<\/p>\t\t\t\t<\/div>\n\t\t\t\t<\/div>\n\t\t\t\t<div class=\"elementor-element elementor-element-b4b358b elementor-widget elementor-widget-gallery\" data-id=\"b4b358b\" data-element_type=\"widget\" data-e-type=\"widget\" data-settings=\"{&quot;gallery_layout&quot;:&quot;justified&quot;,&quot;lazyload&quot;:&quot;yes&quot;,&quot;ideal_row_height&quot;:{&quot;unit&quot;:&quot;px&quot;,&quot;size&quot;:200,&quot;sizes&quot;:[]},&quot;ideal_row_height_widescreen&quot;:{&quot;unit&quot;:&quot;px&quot;,&quot;size&quot;:&quot;&quot;,&quot;sizes&quot;:[]},&quot;ideal_row_height_laptop&quot;:{&quot;unit&quot;:&quot;px&quot;,&quot;size&quot;:150,&quot;sizes&quot;:[]},&quot;ideal_row_height_tablet&quot;:{&quot;unit&quot;:&quot;px&quot;,&quot;size&quot;:150,&quot;sizes&quot;:[]},&quot;ideal_row_height_mobile&quot;:{&quot;unit&quot;:&quot;px&quot;,&quot;size&quot;:150,&quot;sizes&quot;:[]},&quot;gap&quot;:{&quot;unit&quot;:&quot;px&quot;,&quot;size&quot;:10,&quot;sizes&quot;:[]},&quot;gap_widescreen&quot;:{&quot;unit&quot;:&quot;px&quot;,&quot;size&quot;:&quot;&quot;,&quot;sizes&quot;:[]},&quot;gap_laptop&quot;:{&quot;unit&quot;:&quot;px&quot;,&quot;size&quot;:10,&quot;sizes&quot;:[]},&quot;gap_tablet&quot;:{&quot;unit&quot;:&quot;px&quot;,&quot;size&quot;:10,&quot;sizes&quot;:[]},&quot;gap_mobile&quot;:{&quot;unit&quot;:&quot;px&quot;,&quot;size&quot;:10,&quot;sizes&quot;:[]},&quot;link_to&quot;:&quot;file&quot;,&quot;overlay_background&quot;:&quot;yes&quot;,&quot;content_hover_animation&quot;:&quot;fade-in&quot;}\" data-widget_type=\"gallery.default\">\n\t\t\t\t<div class=\"elementor-widget-container\">\n\t\t\t\t\t\t\t<div class=\"elementor-gallery__container\">\n\t\t\t\t\t\t\t<a class=\"e-gallery-item elementor-gallery-item elementor-animated-content\" href=\"https:\/\/www.onceinmykonos.com\/wp-content\/uploads\/2025\/08\/a-tour-to-remember_2170.jpg\" data-elementor-open-lightbox=\"yes\" data-elementor-lightbox-slideshow=\"b4b358b\" data-elementor-lightbox-title=\"a-tour-to-remember_2170\" data-e-action-hash=\"#elementor-action%3Aaction%3Dlightbox%26settings%3DeyJpZCI6MTYxNywidXJsIjoiaHR0cHM6XC9cL3d3dy5vbmNlaW5teWtvbm9zLmNvbVwvd3AtY29udGVudFwvdXBsb2Fkc1wvMjAyNVwvMDhcL2EtdG91ci10by1yZW1lbWJlcl8yMTcwLmpwZyIsInNsaWRlc2hvdyI6ImI0YjM1OGIifQ%3D%3D\">\n\t\t\t\t\t<div class=\"e-gallery-image elementor-gallery-item__image\" data-thumbnail=\"https:\/\/www.onceinmykonos.com\/wp-content\/uploads\/2025\/08\/a-tour-to-remember_2170.jpg\" data-width=\"2048\" data-height=\"1367\" aria-label=\"\" role=\"img\" ><\/div>\n\t\t\t\t\t\t\t\t\t\t\t<div class=\"elementor-gallery-item__overlay\"><\/div>\n\t\t\t\t\t\t\t\t\t\t\t\t\t\t<\/a>\n\t\t\t\t\t\t\t<a class=\"e-gallery-item elementor-gallery-item elementor-animated-content\" href=\"https:\/\/www.onceinmykonos.com\/wp-content\/uploads\/2025\/08\/a-tour-to-remember_1771.jpg\" data-elementor-open-lightbox=\"yes\" data-elementor-lightbox-slideshow=\"b4b358b\" data-elementor-lightbox-title=\"a-tour-to-remember_1771\" data-e-action-hash=\"#elementor-action%3Aaction%3Dlightbox%26settings%3DeyJpZCI6MTYxOCwidXJsIjoiaHR0cHM6XC9cL3d3dy5vbmNlaW5teWtvbm9zLmNvbVwvd3AtY29udGVudFwvdXBsb2Fkc1wvMjAyNVwvMDhcL2EtdG91ci10by1yZW1lbWJlcl8xNzcxLmpwZyIsInNsaWRlc2hvdyI6ImI0YjM1OGIifQ%3D%3D\">\n\t\t\t\t\t<div class=\"e-gallery-image elementor-gallery-item__image\" data-thumbnail=\"https:\/\/www.onceinmykonos.com\/wp-content\/uploads\/2025\/08\/a-tour-to-remember_1771.jpg\" data-width=\"2048\" data-height=\"1366\" aria-label=\"\" role=\"img\" ><\/div>\n\t\t\t\t\t\t\t\t\t\t\t<div class=\"elementor-gallery-item__overlay\"><\/div>\n\t\t\t\t\t\t\t\t\t\t\t\t\t\t<\/a>\n\t\t\t\t\t\t\t<a class=\"e-gallery-item elementor-gallery-item elementor-animated-content\" href=\"https:\/\/www.onceinmykonos.com\/wp-content\/uploads\/2025\/08\/a-tour-to-remember_5404.jpg\" data-elementor-open-lightbox=\"yes\" data-elementor-lightbox-slideshow=\"b4b358b\" data-elementor-lightbox-title=\"a-tour-to-remember_5404\" data-e-action-hash=\"#elementor-action%3Aaction%3Dlightbox%26settings%3DeyJpZCI6MTYxOSwidXJsIjoiaHR0cHM6XC9cL3d3dy5vbmNlaW5teWtvbm9zLmNvbVwvd3AtY29udGVudFwvdXBsb2Fkc1wvMjAyNVwvMDhcL2EtdG91ci10by1yZW1lbWJlcl81NDA0LmpwZyIsInNsaWRlc2hvdyI6ImI0YjM1OGIifQ%3D%3D\">\n\t\t\t\t\t<div class=\"e-gallery-image elementor-gallery-item__image\" data-thumbnail=\"https:\/\/www.onceinmykonos.com\/wp-content\/uploads\/2025\/08\/a-tour-to-remember_5404.jpg\" data-width=\"2048\" data-height=\"1366\" aria-label=\"\" role=\"img\" ><\/div>\n\t\t\t\t\t\t\t\t\t\t\t<div class=\"elementor-gallery-item__overlay\"><\/div>\n\t\t\t\t\t\t\t\t\t\t\t\t\t\t<\/a>\n\t\t\t\t\t\t\t<a class=\"e-gallery-item elementor-gallery-item elementor-animated-content\" href=\"https:\/\/www.onceinmykonos.com\/wp-content\/uploads\/2025\/08\/a-tour-to-remember_9791.jpg\" data-elementor-open-lightbox=\"yes\" data-elementor-lightbox-slideshow=\"b4b358b\" data-elementor-lightbox-title=\"a-tour-to-remember_9791\" data-e-action-hash=\"#elementor-action%3Aaction%3Dlightbox%26settings%3DeyJpZCI6MTYyMCwidXJsIjoiaHR0cHM6XC9cL3d3dy5vbmNlaW5teWtvbm9zLmNvbVwvd3AtY29udGVudFwvdXBsb2Fkc1wvMjAyNVwvMDhcL2EtdG91ci10by1yZW1lbWJlcl85NzkxLmpwZyIsInNsaWRlc2hvdyI6ImI0YjM1OGIifQ%3D%3D\">\n\t\t\t\t\t<div class=\"e-gallery-image elementor-gallery-item__image\" data-thumbnail=\"https:\/\/www.onceinmykonos.com\/wp-content\/uploads\/2025\/08\/a-tour-to-remember_9791.jpg\" data-width=\"2048\" data-height=\"1354\" aria-label=\"\" role=\"img\" ><\/div>\n\t\t\t\t\t\t\t\t\t\t\t<div class=\"elementor-gallery-item__overlay\"><\/div>\n\t\t\t\t\t\t\t\t\t\t\t\t\t\t<\/a>\n\t\t\t\t\t\t\t<a class=\"e-gallery-item elementor-gallery-item elementor-animated-content\" href=\"https:\/\/www.onceinmykonos.com\/wp-content\/uploads\/2025\/08\/a-tour-to-remember_3363.jpg\" data-elementor-open-lightbox=\"yes\" data-elementor-lightbox-slideshow=\"b4b358b\" data-elementor-lightbox-title=\"a-tour-to-remember_3363\" data-e-action-hash=\"#elementor-action%3Aaction%3Dlightbox%26settings%3DeyJpZCI6MTYyMSwidXJsIjoiaHR0cHM6XC9cL3d3dy5vbmNlaW5teWtvbm9zLmNvbVwvd3AtY29udGVudFwvdXBsb2Fkc1wvMjAyNVwvMDhcL2EtdG91ci10by1yZW1lbWJlcl8zMzYzLmpwZyIsInNsaWRlc2hvdyI6ImI0YjM1OGIifQ%3D%3D\">\n\t\t\t\t\t<div class=\"e-gallery-image elementor-gallery-item__image\" data-thumbnail=\"https:\/\/www.onceinmykonos.com\/wp-content\/uploads\/2025\/08\/a-tour-to-remember_3363.jpg\" data-width=\"2048\" data-height=\"1367\" aria-label=\"\" role=\"img\" ><\/div>\n\t\t\t\t\t\t\t\t\t\t\t<div class=\"elementor-gallery-item__overlay\"><\/div>\n\t\t\t\t\t\t\t\t\t\t\t\t\t\t<\/a>\n\t\t\t\t\t<\/div>\n\t\t\t\t\t<\/div>\n\t\t\t\t<\/div>\n\t\t\t\t<\/div>\n\t\t\t\t<\/div>\n\t\t","protected":false},"excerpt":{"rendered":"<p>Explorez les eaux glorieuses qui entourent Mykonos tout en admirant les paysages et les sons de la mer \u00c9g\u00e9e, et offrez un cadeau inoubliable \u00e0 vos amis et \u00e0 vos proches. Que vous voyagiez seul ou en compagnie, n&rsquo;h\u00e9sitez pas \u00e0 embarquer pour une excursion de 3 heures sur les \u00eeles de D\u00e9los et de [&hellip;]<\/p>\n","protected":false},"author":1,"featured_media":0,"parent":0,"menu_order":0,"comment_status":"closed","ping_status":"closed","template":"","meta":{"_acf_changed":false,"footnotes":""},"class_list":["post-1632","page","type-page","status-publish","hentry"],"acf":[],"yoast_head":"<!-- This site is optimized with the Yoast SEO plugin v26.6 - https:\/\/yoast.com\/wordpress\/plugins\/seo\/ -->\n<title>Une excursion inoubliable - Once in Mykonos Resort | \u0394\u03b9\u03b1\u03ba\u03bf\u03c0\u03ad\u03c2 \u03c3\u03c4\u03b7 \u039c\u03cd\u03ba\u03bf\u03bd\u03bf<\/title>\n<meta name=\"robots\" content=\"index, follow, max-snippet:-1, max-image-preview:large, max-video-preview:-1\" \/>\n<link rel=\"canonical\" href=\"https:\/\/www.onceinmykonos.com\/a-tour-to-remember\/\" \/>\n<meta property=\"og:locale\" content=\"fr_FR\" \/>\n<meta property=\"og:type\" content=\"article\" \/>\n<meta property=\"og:title\" content=\"Une excursion inoubliable - Once in Mykonos Resort | \u0394\u03b9\u03b1\u03ba\u03bf\u03c0\u03ad\u03c2 \u03c3\u03c4\u03b7 \u039c\u03cd\u03ba\u03bf\u03bd\u03bf\" \/>\n<meta property=\"og:description\" content=\"Explorez les eaux glorieuses qui entourent Mykonos tout en admirant les paysages et les sons de la mer \u00c9g\u00e9e, et offrez un cadeau inoubliable \u00e0 vos amis et \u00e0 vos proches. Que vous voyagiez seul ou en compagnie, n&rsquo;h\u00e9sitez pas \u00e0 embarquer pour une excursion de 3 heures sur les \u00eeles de D\u00e9los et de [&hellip;]\" \/>\n<meta property=\"og:url\" content=\"https:\/\/www.onceinmykonos.com\/a-tour-to-remember\/\" \/>\n<meta property=\"og:site_name\" content=\"Once in Mykonos Resort | \u0394\u03b9\u03b1\u03ba\u03bf\u03c0\u03ad\u03c2 \u03c3\u03c4\u03b7 \u039c\u03cd\u03ba\u03bf\u03bd\u03bf\" \/>\n<meta property=\"article:publisher\" content=\"https:\/\/www.facebook.com\/onceinmykonos\/\" \/>\n<meta property=\"article:modified_time\" content=\"2025-10-24T12:55:11+00:00\" \/>\n<meta name=\"twitter:card\" content=\"summary_large_image\" \/>\n<script type=\"application\/ld+json\" class=\"yoast-schema-graph\">{\"@context\":\"https:\/\/schema.org\",\"@graph\":[{\"@type\":\"WebPage\",\"@id\":\"https:\/\/www.onceinmykonos.com\/a-tour-to-remember\/\",\"url\":\"https:\/\/www.onceinmykonos.com\/a-tour-to-remember\/\",\"name\":\"Une excursion inoubliable - Once in Mykonos Resort | \u0394\u03b9\u03b1\u03ba\u03bf\u03c0\u03ad\u03c2 \u03c3\u03c4\u03b7 \u039c\u03cd\u03ba\u03bf\u03bd\u03bf\",\"isPartOf\":{\"@id\":\"https:\/\/www.onceinmykonos.com\/#website\"},\"datePublished\":\"2025-08-07T12:21:32+00:00\",\"dateModified\":\"2025-10-24T12:55:11+00:00\",\"breadcrumb\":{\"@id\":\"https:\/\/www.onceinmykonos.com\/a-tour-to-remember\/#breadcrumb\"},\"inLanguage\":\"fr-FR\",\"potentialAction\":[{\"@type\":\"ReadAction\",\"target\":[\"https:\/\/www.onceinmykonos.com\/a-tour-to-remember\/\"]}]},{\"@type\":\"BreadcrumbList\",\"@id\":\"https:\/\/www.onceinmykonos.com\/a-tour-to-remember\/#breadcrumb\",\"itemListElement\":[{\"@type\":\"ListItem\",\"position\":1,\"name\":\"Home\",\"item\":\"https:\/\/www.onceinmykonos.com\/fr\/\"},{\"@type\":\"ListItem\",\"position\":2,\"name\":\"Une excursion inoubliable\"}]},{\"@type\":\"WebSite\",\"@id\":\"https:\/\/www.onceinmykonos.com\/#website\",\"url\":\"https:\/\/www.onceinmykonos.com\/\",\"name\":\"Once in Mykonos Resort | \u0394\u03b9\u03b1\u03ba\u03bf\u03c0\u03ad\u03c2 \u03c3\u03c4\u03b7 \u039c\u03cd\u03ba\u03bf\u03bd\u03bf\",\"description\":\"\",\"publisher\":{\"@id\":\"https:\/\/www.onceinmykonos.com\/#organization\"},\"potentialAction\":[{\"@type\":\"SearchAction\",\"target\":{\"@type\":\"EntryPoint\",\"urlTemplate\":\"https:\/\/www.onceinmykonos.com\/?s={search_term_string}\"},\"query-input\":{\"@type\":\"PropertyValueSpecification\",\"valueRequired\":true,\"valueName\":\"search_term_string\"}}],\"inLanguage\":\"fr-FR\"},{\"@type\":\"Organization\",\"@id\":\"https:\/\/www.onceinmykonos.com\/#organization\",\"name\":\"Once in Mykonos Resort | \u0394\u03b9\u03b1\u03ba\u03bf\u03c0\u03ad\u03c2 \u03c3\u03c4\u03b7 \u039c\u03cd\u03ba\u03bf\u03bd\u03bf\",\"url\":\"https:\/\/www.onceinmykonos.com\/\",\"logo\":{\"@type\":\"ImageObject\",\"inLanguage\":\"fr-FR\",\"@id\":\"https:\/\/www.onceinmykonos.com\/#\/schema\/logo\/image\/\",\"url\":\"https:\/\/www.onceinmykonos.com\/wp-content\/uploads\/2025\/04\/Once_in_Mykonos_Luxury_Resort_1068_R9946_logo.png\",\"contentUrl\":\"https:\/\/www.onceinmykonos.com\/wp-content\/uploads\/2025\/04\/Once_in_Mykonos_Luxury_Resort_1068_R9946_logo.png\",\"width\":360,\"height\":178,\"caption\":\"Once in Mykonos Resort | \u0394\u03b9\u03b1\u03ba\u03bf\u03c0\u03ad\u03c2 \u03c3\u03c4\u03b7 \u039c\u03cd\u03ba\u03bf\u03bd\u03bf\"},\"image\":{\"@id\":\"https:\/\/www.onceinmykonos.com\/#\/schema\/logo\/image\/\"},\"sameAs\":[\"https:\/\/www.facebook.com\/onceinmykonos\/\",\"https:\/\/www.instagram.com\/onceinmykonos\/\"]}]}<\/script>\n<!-- \/ Yoast SEO plugin. -->","yoast_head_json":{"title":"Une excursion inoubliable - Once in Mykonos Resort | \u0394\u03b9\u03b1\u03ba\u03bf\u03c0\u03ad\u03c2 \u03c3\u03c4\u03b7 \u039c\u03cd\u03ba\u03bf\u03bd\u03bf","robots":{"index":"index","follow":"follow","max-snippet":"max-snippet:-1","max-image-preview":"max-image-preview:large","max-video-preview":"max-video-preview:-1"},"canonical":"https:\/\/www.onceinmykonos.com\/a-tour-to-remember\/","og_locale":"fr_FR","og_type":"article","og_title":"Une excursion inoubliable - Once in Mykonos Resort | \u0394\u03b9\u03b1\u03ba\u03bf\u03c0\u03ad\u03c2 \u03c3\u03c4\u03b7 \u039c\u03cd\u03ba\u03bf\u03bd\u03bf","og_description":"Explorez les eaux glorieuses qui entourent Mykonos tout en admirant les paysages et les sons de la mer \u00c9g\u00e9e, et offrez un cadeau inoubliable \u00e0 vos amis et \u00e0 vos proches. Que vous voyagiez seul ou en compagnie, n&rsquo;h\u00e9sitez pas \u00e0 embarquer pour une excursion de 3 heures sur les \u00eeles de D\u00e9los et de [&hellip;]","og_url":"https:\/\/www.onceinmykonos.com\/a-tour-to-remember\/","og_site_name":"Once in Mykonos Resort | \u0394\u03b9\u03b1\u03ba\u03bf\u03c0\u03ad\u03c2 \u03c3\u03c4\u03b7 \u039c\u03cd\u03ba\u03bf\u03bd\u03bf","article_publisher":"https:\/\/www.facebook.com\/onceinmykonos\/","article_modified_time":"2025-10-24T12:55:11+00:00","twitter_card":"summary_large_image","schema":{"@context":"https:\/\/schema.org","@graph":[{"@type":"WebPage","@id":"https:\/\/www.onceinmykonos.com\/a-tour-to-remember\/","url":"https:\/\/www.onceinmykonos.com\/a-tour-to-remember\/","name":"Une excursion inoubliable - Once in Mykonos Resort | \u0394\u03b9\u03b1\u03ba\u03bf\u03c0\u03ad\u03c2 \u03c3\u03c4\u03b7 \u039c\u03cd\u03ba\u03bf\u03bd\u03bf","isPartOf":{"@id":"https:\/\/www.onceinmykonos.com\/#website"},"datePublished":"2025-08-07T12:21:32+00:00","dateModified":"2025-10-24T12:55:11+00:00","breadcrumb":{"@id":"https:\/\/www.onceinmykonos.com\/a-tour-to-remember\/#breadcrumb"},"inLanguage":"fr-FR","potentialAction":[{"@type":"ReadAction","target":["https:\/\/www.onceinmykonos.com\/a-tour-to-remember\/"]}]},{"@type":"BreadcrumbList","@id":"https:\/\/www.onceinmykonos.com\/a-tour-to-remember\/#breadcrumb","itemListElement":[{"@type":"ListItem","position":1,"name":"Home","item":"https:\/\/www.onceinmykonos.com\/fr\/"},{"@type":"ListItem","position":2,"name":"Une excursion inoubliable"}]},{"@type":"WebSite","@id":"https:\/\/www.onceinmykonos.com\/#website","url":"https:\/\/www.onceinmykonos.com\/","name":"Once in Mykonos Resort | \u0394\u03b9\u03b1\u03ba\u03bf\u03c0\u03ad\u03c2 \u03c3\u03c4\u03b7 \u039c\u03cd\u03ba\u03bf\u03bd\u03bf","description":"","publisher":{"@id":"https:\/\/www.onceinmykonos.com\/#organization"},"potentialAction":[{"@type":"SearchAction","target":{"@type":"EntryPoint","urlTemplate":"https:\/\/www.onceinmykonos.com\/?s={search_term_string}"},"query-input":{"@type":"PropertyValueSpecification","valueRequired":true,"valueName":"search_term_string"}}],"inLanguage":"fr-FR"},{"@type":"Organization","@id":"https:\/\/www.onceinmykonos.com\/#organization","name":"Once in Mykonos Resort | \u0394\u03b9\u03b1\u03ba\u03bf\u03c0\u03ad\u03c2 \u03c3\u03c4\u03b7 \u039c\u03cd\u03ba\u03bf\u03bd\u03bf","url":"https:\/\/www.onceinmykonos.com\/","logo":{"@type":"ImageObject","inLanguage":"fr-FR","@id":"https:\/\/www.onceinmykonos.com\/#\/schema\/logo\/image\/","url":"https:\/\/www.onceinmykonos.com\/wp-content\/uploads\/2025\/04\/Once_in_Mykonos_Luxury_Resort_1068_R9946_logo.png","contentUrl":"https:\/\/www.onceinmykonos.com\/wp-content\/uploads\/2025\/04\/Once_in_Mykonos_Luxury_Resort_1068_R9946_logo.png","width":360,"height":178,"caption":"Once in Mykonos Resort | \u0394\u03b9\u03b1\u03ba\u03bf\u03c0\u03ad\u03c2 \u03c3\u03c4\u03b7 \u039c\u03cd\u03ba\u03bf\u03bd\u03bf"},"image":{"@id":"https:\/\/www.onceinmykonos.com\/#\/schema\/logo\/image\/"},"sameAs":["https:\/\/www.facebook.com\/onceinmykonos\/","https:\/\/www.instagram.com\/onceinmykonos\/"]}]}},"_links":{"self":[{"href":"https:\/\/www.onceinmykonos.com\/fr\/wp-json\/wp\/v2\/pages\/1632","targetHints":{"allow":["GET"]}}],"collection":[{"href":"https:\/\/www.onceinmykonos.com\/fr\/wp-json\/wp\/v2\/pages"}],"about":[{"href":"https:\/\/www.onceinmykonos.com\/fr\/wp-json\/wp\/v2\/types\/page"}],"author":[{"embeddable":true,"href":"https:\/\/www.onceinmykonos.com\/fr\/wp-json\/wp\/v2\/users\/1"}],"replies":[{"embeddable":true,"href":"https:\/\/www.onceinmykonos.com\/fr\/wp-json\/wp\/v2\/comments?post=1632"}],"version-history":[{"count":1,"href":"https:\/\/www.onceinmykonos.com\/fr\/wp-json\/wp\/v2\/pages\/1632\/revisions"}],"predecessor-version":[{"id":1633,"href":"https:\/\/www.onceinmykonos.com\/fr\/wp-json\/wp\/v2\/pages\/1632\/revisions\/1633"}],"wp:attachment":[{"href":"https:\/\/www.onceinmykonos.com\/fr\/wp-json\/wp\/v2\/media?parent=1632"}],"curies":[{"name":"wp","href":"https:\/\/api.w.org\/{rel}","templated":true}]}}